{"id":1600,"date":"2021-03-25T20:11:36","date_gmt":"2021-03-25T20:11:36","guid":{"rendered":"https:\/\/www.ceipmestalla.com\/?page_id=1600"},"modified":"2021-03-30T19:47:34","modified_gmt":"2021-03-30T19:47:34","slug":"ong-coni","status":"publish","type":"page","link":"https:\/\/www.ceipmestalla.com\/index.php\/ong-coni\/","title":{"rendered":"ONG CONI"},"content":{"rendered":"\n<p style=\"font-size:18px\">Queridas familias, la semana que viene comienza la Campa\u00f1a Solidaria de Pascua. <\/p>\n\n\n\n<p class=\"has-text-align-left\" style=\"font-size:18px\">Os dejamos un v\u00eddeo donde se explica en qu\u00e9 va a consistir este a\u00f1o.&nbsp;<br>Si alguna familia opta por colaborar haciendo una donaci\u00f3n directa a la ONG,&nbsp; puede solicitar el certificado de retenciones enviando un escrito a Mar Losa, Coordinadora de Administraci\u00f3n CONI,&nbsp;<strong><a rel=\"noreferrer noopener\" target=\"_blank\" href=\"mailto:admin@asociacionconi.org\">admin@asociacionconi.org<\/a>.<\/strong><br><\/p>\n\n\n\n<p class=\"has-text-align-center\" style=\"font-size:18px\">Muchas&nbsp;gracias y os esperamos a partir del lunes.<\/p>\n\n\n\n<figure class=\"wp-block-video\"><video height=\"480\" style=\"aspect-ratio: 854 \/ 480;\" width=\"854\" controls src=\"https:\/\/www.ceipmestalla.com\/wp-content\/uploads\/2021\/03\/VIDEO-2021-03-25-19-53-03.mp4\"><\/video><\/figure>\n","protected":false},"excerpt":{"rendered":"<p>Queridas familias, la semana que viene comienza la Campa\u00f1a Solidaria de Pascua. Os dejamos un v\u00eddeo donde se explica en qu\u00e9 va a consistir este a\u00f1o.&nbsp;Si alguna familia opta por colaborar haciendo una donaci\u00f3n directa a la ONG,&nbsp; puede solicitar el certificado de retenciones enviando un escrito a Mar Losa, Coordinadora de Administraci\u00f3n CONI,&nbsp;admin@asociacionconi.org. Muchas&nbsp;gracias [&hellip;]<\/p>\n","protected":false},"author":1,"featured_media":0,"parent":0,"menu_order":0,"comment_status":"closed","ping_status":"closed","template":"","meta":{"footnotes":""},"class_list":["post-1600","page","type-page","status-publish","czr-hentry"],"yoast_head":"<!-- This site is optimized with the Yoast SEO plugin v25.7 - https:\/\/yoast.com\/wordpress\/plugins\/seo\/ -->\n<title>ONG CONI - Ceip Mestalla<\/title>\n<meta name=\"robots\" content=\"index, follow, max-snippet:-1, max-image-preview:large, max-video-preview:-1\" \/>\n<link rel=\"canonical\" href=\"https:\/\/www.ceipmestalla.com\/index.php\/ong-coni\/\" \/>\n<meta property=\"og:locale\" content=\"es_ES\" \/>\n<meta property=\"og:type\" content=\"article\" \/>\n<meta property=\"og:title\" content=\"ONG CONI - Ceip Mestalla\" \/>\n<meta property=\"og:description\" content=\"Queridas familias, la semana que viene comienza la Campa\u00f1a Solidaria de Pascua. Os dejamos un v\u00eddeo donde se explica en qu\u00e9 va a consistir este a\u00f1o.&nbsp;Si alguna familia opta por colaborar haciendo una donaci\u00f3n directa a la ONG,&nbsp; puede solicitar el certificado de retenciones enviando un escrito a Mar Losa, Coordinadora de Administraci\u00f3n CONI,&nbsp;admin@asociacionconi.org. Muchas&nbsp;gracias [&hellip;]\" \/>\n<meta property=\"og:url\" content=\"https:\/\/www.ceipmestalla.com\/index.php\/ong-coni\/\" \/>\n<meta property=\"og:site_name\" content=\"Ceip Mestalla\" \/>\n<meta property=\"article:modified_time\" content=\"2021-03-30T19:47:34+00:00\" \/>\n<meta name=\"twitter:card\" content=\"summary_large_image\" \/>\n<meta name=\"twitter:site\" content=\"@emestalla\" \/>\n<script type=\"application\/ld+json\" class=\"yoast-schema-graph\">{\"@context\":\"https:\/\/schema.org\",\"@graph\":[{\"@type\":\"WebPage\",\"@id\":\"https:\/\/www.ceipmestalla.com\/index.php\/ong-coni\/\",\"url\":\"https:\/\/www.ceipmestalla.com\/index.php\/ong-coni\/\",\"name\":\"ONG CONI - Ceip Mestalla\",\"isPartOf\":{\"@id\":\"https:\/\/www.ceipmestalla.com\/#website\"},\"datePublished\":\"2021-03-25T20:11:36+00:00\",\"dateModified\":\"2021-03-30T19:47:34+00:00\",\"breadcrumb\":{\"@id\":\"https:\/\/www.ceipmestalla.com\/index.php\/ong-coni\/#breadcrumb\"},\"inLanguage\":\"es\",\"potentialAction\":[{\"@type\":\"ReadAction\",\"target\":[\"https:\/\/www.ceipmestalla.com\/index.php\/ong-coni\/\"]}]},{\"@type\":\"BreadcrumbList\",\"@id\":\"https:\/\/www.ceipmestalla.com\/index.php\/ong-coni\/#breadcrumb\",\"itemListElement\":[{\"@type\":\"ListItem\",\"position\":1,\"name\":\"Portada\",\"item\":\"https:\/\/www.ceipmestalla.com\/\"},{\"@type\":\"ListItem\",\"position\":2,\"name\":\"ONG CONI\"}]},{\"@type\":\"WebSite\",\"@id\":\"https:\/\/www.ceipmestalla.com\/#website\",\"url\":\"https:\/\/www.ceipmestalla.com\/\",\"name\":\"Ceip Mestalla\",\"description\":\"\",\"publisher\":{\"@id\":\"https:\/\/www.ceipmestalla.com\/#organization\"},\"potentialAction\":[{\"@type\":\"SearchAction\",\"target\":{\"@type\":\"EntryPoint\",\"urlTemplate\":\"https:\/\/www.ceipmestalla.com\/?s={search_term_string}\"},\"query-input\":{\"@type\":\"PropertyValueSpecification\",\"valueRequired\":true,\"valueName\":\"search_term_string\"}}],\"inLanguage\":\"es\"},{\"@type\":\"Organization\",\"@id\":\"https:\/\/www.ceipmestalla.com\/#organization\",\"name\":\"Ceip Mestalla\",\"url\":\"https:\/\/www.ceipmestalla.com\/\",\"logo\":{\"@type\":\"ImageObject\",\"inLanguage\":\"es\",\"@id\":\"https:\/\/www.ceipmestalla.com\/#\/schema\/logo\/image\/\",\"url\":\"https:\/\/www.ceipmestalla.com\/wp-content\/uploads\/2021\/02\/cropped-cropped-cropped-cropped-LOGO_Mestalla-1-e1614470494422.png\",\"contentUrl\":\"https:\/\/www.ceipmestalla.com\/wp-content\/uploads\/2021\/02\/cropped-cropped-cropped-cropped-LOGO_Mestalla-1-e1614470494422.png\",\"width\":500,\"height\":191,\"caption\":\"Ceip Mestalla\"},\"image\":{\"@id\":\"https:\/\/www.ceipmestalla.com\/#\/schema\/logo\/image\/\"},\"sameAs\":[\"https:\/\/x.com\/emestalla\",\"https:\/\/www.instagram.com\/colegiomestalla\"]}]}<\/script>\n<!-- \/ Yoast SEO plugin. -->","yoast_head_json":{"title":"ONG CONI - Ceip Mestalla","robots":{"index":"index","follow":"follow","max-snippet":"max-snippet:-1","max-image-preview":"max-image-preview:large","max-video-preview":"max-video-preview:-1"},"canonical":"https:\/\/www.ceipmestalla.com\/index.php\/ong-coni\/","og_locale":"es_ES","og_type":"article","og_title":"ONG CONI - Ceip Mestalla","og_description":"Queridas familias, la semana que viene comienza la Campa\u00f1a Solidaria de Pascua. Os dejamos un v\u00eddeo donde se explica en qu\u00e9 va a consistir este a\u00f1o.&nbsp;Si alguna familia opta por colaborar haciendo una donaci\u00f3n directa a la ONG,&nbsp; puede solicitar el certificado de retenciones enviando un escrito a Mar Losa, Coordinadora de Administraci\u00f3n CONI,&nbsp;admin@asociacionconi.org. Muchas&nbsp;gracias [&hellip;]","og_url":"https:\/\/www.ceipmestalla.com\/index.php\/ong-coni\/","og_site_name":"Ceip Mestalla","article_modified_time":"2021-03-30T19:47:34+00:00","twitter_card":"summary_large_image","twitter_site":"@emestalla","schema":{"@context":"https:\/\/schema.org","@graph":[{"@type":"WebPage","@id":"https:\/\/www.ceipmestalla.com\/index.php\/ong-coni\/","url":"https:\/\/www.ceipmestalla.com\/index.php\/ong-coni\/","name":"ONG CONI - Ceip Mestalla","isPartOf":{"@id":"https:\/\/www.ceipmestalla.com\/#website"},"datePublished":"2021-03-25T20:11:36+00:00","dateModified":"2021-03-30T19:47:34+00:00","breadcrumb":{"@id":"https:\/\/www.ceipmestalla.com\/index.php\/ong-coni\/#breadcrumb"},"inLanguage":"es","potentialAction":[{"@type":"ReadAction","target":["https:\/\/www.ceipmestalla.com\/index.php\/ong-coni\/"]}]},{"@type":"BreadcrumbList","@id":"https:\/\/www.ceipmestalla.com\/index.php\/ong-coni\/#breadcrumb","itemListElement":[{"@type":"ListItem","position":1,"name":"Portada","item":"https:\/\/www.ceipmestalla.com\/"},{"@type":"ListItem","position":2,"name":"ONG CONI"}]},{"@type":"WebSite","@id":"https:\/\/www.ceipmestalla.com\/#website","url":"https:\/\/www.ceipmestalla.com\/","name":"Ceip Mestalla","description":"","publisher":{"@id":"https:\/\/www.ceipmestalla.com\/#organization"},"potentialAction":[{"@type":"SearchAction","target":{"@type":"EntryPoint","urlTemplate":"https:\/\/www.ceipmestalla.com\/?s={search_term_string}"},"query-input":{"@type":"PropertyValueSpecification","valueRequired":true,"valueName":"search_term_string"}}],"inLanguage":"es"},{"@type":"Organization","@id":"https:\/\/www.ceipmestalla.com\/#organization","name":"Ceip Mestalla","url":"https:\/\/www.ceipmestalla.com\/","logo":{"@type":"ImageObject","inLanguage":"es","@id":"https:\/\/www.ceipmestalla.com\/#\/schema\/logo\/image\/","url":"https:\/\/www.ceipmestalla.com\/wp-content\/uploads\/2021\/02\/cropped-cropped-cropped-cropped-LOGO_Mestalla-1-e1614470494422.png","contentUrl":"https:\/\/www.ceipmestalla.com\/wp-content\/uploads\/2021\/02\/cropped-cropped-cropped-cropped-LOGO_Mestalla-1-e1614470494422.png","width":500,"height":191,"caption":"Ceip Mestalla"},"image":{"@id":"https:\/\/www.ceipmestalla.com\/#\/schema\/logo\/image\/"},"sameAs":["https:\/\/x.com\/emestalla","https:\/\/www.instagram.com\/colegiomestalla"]}]}},"_links":{"self":[{"href":"https:\/\/www.ceipmestalla.com\/index.php\/wp-json\/wp\/v2\/pages\/1600","targetHints":{"allow":["GET"]}}],"collection":[{"href":"https:\/\/www.ceipmestalla.com\/index.php\/wp-json\/wp\/v2\/pages"}],"about":[{"href":"https:\/\/www.ceipmestalla.com\/index.php\/wp-json\/wp\/v2\/types\/page"}],"author":[{"embeddable":true,"href":"https:\/\/www.ceipmestalla.com\/index.php\/wp-json\/wp\/v2\/users\/1"}],"replies":[{"embeddable":true,"href":"https:\/\/www.ceipmestalla.com\/index.php\/wp-json\/wp\/v2\/comments?post=1600"}],"version-history":[{"count":4,"href":"https:\/\/www.ceipmestalla.com\/index.php\/wp-json\/wp\/v2\/pages\/1600\/revisions"}],"predecessor-version":[{"id":1678,"href":"https:\/\/www.ceipmestalla.com\/index.php\/wp-json\/wp\/v2\/pages\/1600\/revisions\/1678"}],"wp:attachment":[{"href":"https:\/\/www.ceipmestalla.com\/index.php\/wp-json\/wp\/v2\/media?parent=1600"}],"curies":[{"name":"wp","href":"https:\/\/api.w.org\/{rel}","templated":true}]}}