{"id":23,"date":"2021-02-17T19:13:44","date_gmt":"2021-02-17T19:13:44","guid":{"rendered":"https:\/\/www.ceipmestalla.com\/?page_id=23"},"modified":"2025-11-10T17:10:24","modified_gmt":"2025-11-10T15:10:24","slug":"organigrama","status":"publish","type":"page","link":"https:\/\/www.ceipmestalla.com\/index.php\/organigrama\/","title":{"rendered":"Organigrama"},"content":{"rendered":"\n<div class=\"wp-block-media-text alignwide is-stacked-on-mobile has-vivid-cyan-blue-background-color has-background\" style=\"grid-template-columns:35% auto\"><figure class=\"wp-block-media-text__media\"><img fetchpriority=\"high\" decoding=\"async\" width=\"1024\" height=\"723\" src=\"https:\/\/www.ceipmestalla.com\/wp-content\/uploads\/2021\/03\/mark-995567_1920-1024x723.jpg\" alt=\"\" class=\"wp-image-649 size-full\" srcset=\"https:\/\/www.ceipmestalla.com\/wp-content\/uploads\/2021\/03\/mark-995567_1920-1024x723.jpg 1024w, https:\/\/www.ceipmestalla.com\/wp-content\/uploads\/2021\/03\/mark-995567_1920-300x212.jpg 300w, https:\/\/www.ceipmestalla.com\/wp-content\/uploads\/2021\/03\/mark-995567_1920-768x542.jpg 768w, https:\/\/www.ceipmestalla.com\/wp-content\/uploads\/2021\/03\/mark-995567_1920-1536x1084.jpg 1536w, https:\/\/www.ceipmestalla.com\/wp-content\/uploads\/2021\/03\/mark-995567_1920-570x402.jpg 570w, https:\/\/www.ceipmestalla.com\/wp-content\/uploads\/2021\/03\/mark-995567_1920.jpg 1920w\" sizes=\"(max-width: 1024px) 100vw, 1024px\" \/><\/figure><div class=\"wp-block-media-text__content\">\n<p class=\"has-text-align-center has-white-color has-text-color\" style=\"font-size:25px\">ORGANIGRAMA <\/p>\n\n\n\n<p class=\"has-text-align-center has-white-color has-text-color\" style=\"font-size:35px\"><\/p>\n\n\n\n<p class=\"has-text-align-center has-white-color has-text-color\" style=\"font-size:18px\"><strong><em>ORGANIZACI\u00d3N, PARTICIPACI\u00d3N Y COORDINACI\u00d3N <\/em><\/strong><\/p>\n\n\n\n<p class=\"has-text-align-center has-white-color has-text-color\" style=\"font-size:18px\"><strong><em>DE TODOS<\/em><\/strong><\/p>\n\n\n\n<p class=\"has-text-align-center has-white-color has-text-color\" style=\"font-size:18px\"><strong><em> LOS MIEMBROS DE LA COMUNIDAD EDUCATIVA<\/em><\/strong><\/p>\n<\/div><\/div>\n\n\n\n<p class=\"has-background has-normal-font-size\" style=\"background-color:#b2def1\"><strong><em>A)\u00a0\u00a0<\/em>\u00d3RGANOS PARA LA TOMA DE DECISIONES<\/strong><br><br><strong>\u00d3RGANOS UNIPERSONALES:<\/strong><br> *\u00a0DIRECTORA<br> *\u00a0JEFE DE ESTUDIOS<br> * SECRETARIA<br><strong>\u00d3RGANOS COLEGIADOS<\/strong><br> * CONSEJO ESCOLAR<br> * CLAUSTRO DE PROFESORES<\/p>\n\n\n\n<p class=\"has-background\" style=\"background-color:#c8f3bc;font-size:15px\"><strong>B)<\/strong> <strong>\u00d3RGANOS PARA LA TOMA DE DECISIONES<\/strong><br>      * EQUIPOS DE CICLO<br>      * COMISI\u00d3N DE COORDINACI\u00d3N PEDAG\u00d3GICA<br>      * TUTOR\u00cdAS<\/p>\n\n\n\n<p class=\"has-background\" style=\"background-color:#f4cde5;font-size:15px\"><strong>C) \u00d3RGANOS PARA LA REALIZACI\u00d3N DE TAREAS<\/strong><br>      * PROFESORADO DEL CENTRO<br>      * ALUMNADO<br>      * \u00d3RGANOS T\u00c9CNICOS DE ASESORAMIENTO Y ESTUDIO<br>      * SERVICIO PSICOPEDAG\u00d3GICO<br>      * MAESTRA DE AUDICI\u00d3N Y LENGUAJE<br>      * MAESTRA DE PEDAGOG\u00cdA TERAP\u00c9UTICA<br>      * TRABAJADORA SOCIAL<br>      * AMPA<br>      * FAMILIAS<br>      * PERSONAL NO DOCENTE<\/p>\n\n\n<div class=\"wp-block-image\">\n<figure class=\"aligncenter size-large is-resized\"><a href=\"https:\/\/www.ceipmestalla.com\/\"><img decoding=\"async\" width=\"239\" height=\"134\" src=\"https:\/\/www.ceipmestalla.com\/wp-content\/uploads\/2021\/03\/inicio.jpg\" alt=\"\" class=\"wp-image-1488\" style=\"width:165px;height:93px\"\/><\/a><\/figure>\n<\/div>\n\n\n<p><\/p>\n","protected":false},"excerpt":{"rendered":"<p>ORGANIGRAMA ORGANIZACI\u00d3N, PARTICIPACI\u00d3N Y COORDINACI\u00d3N DE TODOS LOS MIEMBROS DE LA COMUNIDAD EDUCATIVA A)\u00a0\u00a0\u00d3RGANOS PARA LA TOMA DE DECISIONES \u00d3RGANOS UNIPERSONALES: *\u00a0DIRECTORA *\u00a0JEFE DE ESTUDIOS * SECRETARIA\u00d3RGANOS COLEGIADOS * CONSEJO ESCOLAR * CLAUSTRO DE PROFESORES B) \u00d3RGANOS PARA LA TOMA DE DECISIONES * EQUIPOS DE CICLO * COMISI\u00d3N DE COORDINACI\u00d3N PEDAG\u00d3GICA * TUTOR\u00cdAS C) \u00d3RGANOS [&hellip;]<\/p>\n","protected":false},"author":2,"featured_media":0,"parent":0,"menu_order":0,"comment_status":"closed","ping_status":"closed","template":"","meta":{"footnotes":""},"class_list":["post-23","page","type-page","status-publish","czr-hentry"],"yoast_head":"<!-- This site is optimized with the Yoast SEO plugin v25.7 - https:\/\/yoast.com\/wordpress\/plugins\/seo\/ -->\n<title>Organigrama - Ceip Mestalla<\/title>\n<meta name=\"robots\" content=\"index, follow, max-snippet:-1, max-image-preview:large, max-video-preview:-1\" \/>\n<link rel=\"canonical\" href=\"https:\/\/www.ceipmestalla.com\/index.php\/organigrama\/\" \/>\n<meta property=\"og:locale\" content=\"es_ES\" \/>\n<meta property=\"og:type\" content=\"article\" \/>\n<meta property=\"og:title\" content=\"Organigrama - Ceip Mestalla\" \/>\n<meta property=\"og:description\" content=\"ORGANIGRAMA ORGANIZACI\u00d3N, PARTICIPACI\u00d3N Y COORDINACI\u00d3N DE TODOS LOS MIEMBROS DE LA COMUNIDAD EDUCATIVA A)\u00a0\u00a0\u00d3RGANOS PARA LA TOMA DE DECISIONES \u00d3RGANOS UNIPERSONALES: *\u00a0DIRECTORA *\u00a0JEFE DE ESTUDIOS * SECRETARIA\u00d3RGANOS COLEGIADOS * CONSEJO ESCOLAR * CLAUSTRO DE PROFESORES B) \u00d3RGANOS PARA LA TOMA DE DECISIONES * EQUIPOS DE CICLO * COMISI\u00d3N DE COORDINACI\u00d3N PEDAG\u00d3GICA * TUTOR\u00cdAS C) \u00d3RGANOS [&hellip;]\" \/>\n<meta property=\"og:url\" content=\"https:\/\/www.ceipmestalla.com\/index.php\/organigrama\/\" \/>\n<meta property=\"og:site_name\" content=\"Ceip Mestalla\" \/>\n<meta property=\"article:modified_time\" content=\"2025-11-10T15:10:24+00:00\" \/>\n<meta property=\"og:image\" content=\"https:\/\/www.ceipmestalla.com\/wp-content\/uploads\/2021\/03\/mark-995567_1920.jpg\" \/>\n\t<meta property=\"og:image:width\" content=\"1920\" \/>\n\t<meta property=\"og:image:height\" content=\"1355\" \/>\n\t<meta property=\"og:image:type\" content=\"image\/jpeg\" \/>\n<meta name=\"twitter:card\" content=\"summary_large_image\" \/>\n<meta name=\"twitter:site\" content=\"@emestalla\" \/>\n<meta name=\"twitter:label1\" content=\"Tiempo de lectura\" \/>\n\t<meta name=\"twitter:data1\" content=\"1 minuto\" \/>\n<script type=\"application\/ld+json\" class=\"yoast-schema-graph\">{\"@context\":\"https:\/\/schema.org\",\"@graph\":[{\"@type\":\"WebPage\",\"@id\":\"https:\/\/www.ceipmestalla.com\/index.php\/organigrama\/\",\"url\":\"https:\/\/www.ceipmestalla.com\/index.php\/organigrama\/\",\"name\":\"Organigrama - Ceip Mestalla\",\"isPartOf\":{\"@id\":\"https:\/\/www.ceipmestalla.com\/#website\"},\"primaryImageOfPage\":{\"@id\":\"https:\/\/www.ceipmestalla.com\/index.php\/organigrama\/#primaryimage\"},\"image\":{\"@id\":\"https:\/\/www.ceipmestalla.com\/index.php\/organigrama\/#primaryimage\"},\"thumbnailUrl\":\"https:\/\/www.ceipmestalla.com\/wp-content\/uploads\/2021\/03\/mark-995567_1920-1024x723.jpg\",\"datePublished\":\"2021-02-17T19:13:44+00:00\",\"dateModified\":\"2025-11-10T15:10:24+00:00\",\"breadcrumb\":{\"@id\":\"https:\/\/www.ceipmestalla.com\/index.php\/organigrama\/#breadcrumb\"},\"inLanguage\":\"es\",\"potentialAction\":[{\"@type\":\"ReadAction\",\"target\":[\"https:\/\/www.ceipmestalla.com\/index.php\/organigrama\/\"]}]},{\"@type\":\"ImageObject\",\"inLanguage\":\"es\",\"@id\":\"https:\/\/www.ceipmestalla.com\/index.php\/organigrama\/#primaryimage\",\"url\":\"https:\/\/www.ceipmestalla.com\/wp-content\/uploads\/2021\/03\/mark-995567_1920.jpg\",\"contentUrl\":\"https:\/\/www.ceipmestalla.com\/wp-content\/uploads\/2021\/03\/mark-995567_1920.jpg\",\"width\":1920,\"height\":1355},{\"@type\":\"BreadcrumbList\",\"@id\":\"https:\/\/www.ceipmestalla.com\/index.php\/organigrama\/#breadcrumb\",\"itemListElement\":[{\"@type\":\"ListItem\",\"position\":1,\"name\":\"Portada\",\"item\":\"https:\/\/www.ceipmestalla.com\/\"},{\"@type\":\"ListItem\",\"position\":2,\"name\":\"Organigrama\"}]},{\"@type\":\"WebSite\",\"@id\":\"https:\/\/www.ceipmestalla.com\/#website\",\"url\":\"https:\/\/www.ceipmestalla.com\/\",\"name\":\"Ceip Mestalla\",\"description\":\"\",\"publisher\":{\"@id\":\"https:\/\/www.ceipmestalla.com\/#organization\"},\"potentialAction\":[{\"@type\":\"SearchAction\",\"target\":{\"@type\":\"EntryPoint\",\"urlTemplate\":\"https:\/\/www.ceipmestalla.com\/?s={search_term_string}\"},\"query-input\":{\"@type\":\"PropertyValueSpecification\",\"valueRequired\":true,\"valueName\":\"search_term_string\"}}],\"inLanguage\":\"es\"},{\"@type\":\"Organization\",\"@id\":\"https:\/\/www.ceipmestalla.com\/#organization\",\"name\":\"Ceip Mestalla\",\"url\":\"https:\/\/www.ceipmestalla.com\/\",\"logo\":{\"@type\":\"ImageObject\",\"inLanguage\":\"es\",\"@id\":\"https:\/\/www.ceipmestalla.com\/#\/schema\/logo\/image\/\",\"url\":\"https:\/\/www.ceipmestalla.com\/wp-content\/uploads\/2021\/02\/cropped-cropped-cropped-cropped-LOGO_Mestalla-1-e1614470494422.png\",\"contentUrl\":\"https:\/\/www.ceipmestalla.com\/wp-content\/uploads\/2021\/02\/cropped-cropped-cropped-cropped-LOGO_Mestalla-1-e1614470494422.png\",\"width\":500,\"height\":191,\"caption\":\"Ceip Mestalla\"},\"image\":{\"@id\":\"https:\/\/www.ceipmestalla.com\/#\/schema\/logo\/image\/\"},\"sameAs\":[\"https:\/\/x.com\/emestalla\",\"https:\/\/www.instagram.com\/colegiomestalla\"]}]}<\/script>\n<!-- \/ Yoast SEO plugin. -->","yoast_head_json":{"title":"Organigrama - Ceip Mestalla","robots":{"index":"index","follow":"follow","max-snippet":"max-snippet:-1","max-image-preview":"max-image-preview:large","max-video-preview":"max-video-preview:-1"},"canonical":"https:\/\/www.ceipmestalla.com\/index.php\/organigrama\/","og_locale":"es_ES","og_type":"article","og_title":"Organigrama - Ceip Mestalla","og_description":"ORGANIGRAMA ORGANIZACI\u00d3N, PARTICIPACI\u00d3N Y COORDINACI\u00d3N DE TODOS LOS MIEMBROS DE LA COMUNIDAD EDUCATIVA A)\u00a0\u00a0\u00d3RGANOS PARA LA TOMA DE DECISIONES \u00d3RGANOS UNIPERSONALES: *\u00a0DIRECTORA *\u00a0JEFE DE ESTUDIOS * SECRETARIA\u00d3RGANOS COLEGIADOS * CONSEJO ESCOLAR * CLAUSTRO DE PROFESORES B) \u00d3RGANOS PARA LA TOMA DE DECISIONES * EQUIPOS DE CICLO * COMISI\u00d3N DE COORDINACI\u00d3N PEDAG\u00d3GICA * TUTOR\u00cdAS C) \u00d3RGANOS [&hellip;]","og_url":"https:\/\/www.ceipmestalla.com\/index.php\/organigrama\/","og_site_name":"Ceip Mestalla","article_modified_time":"2025-11-10T15:10:24+00:00","og_image":[{"width":1920,"height":1355,"url":"https:\/\/www.ceipmestalla.com\/wp-content\/uploads\/2021\/03\/mark-995567_1920.jpg","type":"image\/jpeg"}],"twitter_card":"summary_large_image","twitter_site":"@emestalla","twitter_misc":{"Tiempo de lectura":"1 minuto"},"schema":{"@context":"https:\/\/schema.org","@graph":[{"@type":"WebPage","@id":"https:\/\/www.ceipmestalla.com\/index.php\/organigrama\/","url":"https:\/\/www.ceipmestalla.com\/index.php\/organigrama\/","name":"Organigrama - Ceip Mestalla","isPartOf":{"@id":"https:\/\/www.ceipmestalla.com\/#website"},"primaryImageOfPage":{"@id":"https:\/\/www.ceipmestalla.com\/index.php\/organigrama\/#primaryimage"},"image":{"@id":"https:\/\/www.ceipmestalla.com\/index.php\/organigrama\/#primaryimage"},"thumbnailUrl":"https:\/\/www.ceipmestalla.com\/wp-content\/uploads\/2021\/03\/mark-995567_1920-1024x723.jpg","datePublished":"2021-02-17T19:13:44+00:00","dateModified":"2025-11-10T15:10:24+00:00","breadcrumb":{"@id":"https:\/\/www.ceipmestalla.com\/index.php\/organigrama\/#breadcrumb"},"inLanguage":"es","potentialAction":[{"@type":"ReadAction","target":["https:\/\/www.ceipmestalla.com\/index.php\/organigrama\/"]}]},{"@type":"ImageObject","inLanguage":"es","@id":"https:\/\/www.ceipmestalla.com\/index.php\/organigrama\/#primaryimage","url":"https:\/\/www.ceipmestalla.com\/wp-content\/uploads\/2021\/03\/mark-995567_1920.jpg","contentUrl":"https:\/\/www.ceipmestalla.com\/wp-content\/uploads\/2021\/03\/mark-995567_1920.jpg","width":1920,"height":1355},{"@type":"BreadcrumbList","@id":"https:\/\/www.ceipmestalla.com\/index.php\/organigrama\/#breadcrumb","itemListElement":[{"@type":"ListItem","position":1,"name":"Portada","item":"https:\/\/www.ceipmestalla.com\/"},{"@type":"ListItem","position":2,"name":"Organigrama"}]},{"@type":"WebSite","@id":"https:\/\/www.ceipmestalla.com\/#website","url":"https:\/\/www.ceipmestalla.com\/","name":"Ceip Mestalla","description":"","publisher":{"@id":"https:\/\/www.ceipmestalla.com\/#organization"},"potentialAction":[{"@type":"SearchAction","target":{"@type":"EntryPoint","urlTemplate":"https:\/\/www.ceipmestalla.com\/?s={search_term_string}"},"query-input":{"@type":"PropertyValueSpecification","valueRequired":true,"valueName":"search_term_string"}}],"inLanguage":"es"},{"@type":"Organization","@id":"https:\/\/www.ceipmestalla.com\/#organization","name":"Ceip Mestalla","url":"https:\/\/www.ceipmestalla.com\/","logo":{"@type":"ImageObject","inLanguage":"es","@id":"https:\/\/www.ceipmestalla.com\/#\/schema\/logo\/image\/","url":"https:\/\/www.ceipmestalla.com\/wp-content\/uploads\/2021\/02\/cropped-cropped-cropped-cropped-LOGO_Mestalla-1-e1614470494422.png","contentUrl":"https:\/\/www.ceipmestalla.com\/wp-content\/uploads\/2021\/02\/cropped-cropped-cropped-cropped-LOGO_Mestalla-1-e1614470494422.png","width":500,"height":191,"caption":"Ceip Mestalla"},"image":{"@id":"https:\/\/www.ceipmestalla.com\/#\/schema\/logo\/image\/"},"sameAs":["https:\/\/x.com\/emestalla","https:\/\/www.instagram.com\/colegiomestalla"]}]}},"_links":{"self":[{"href":"https:\/\/www.ceipmestalla.com\/index.php\/wp-json\/wp\/v2\/pages\/23","targetHints":{"allow":["GET"]}}],"collection":[{"href":"https:\/\/www.ceipmestalla.com\/index.php\/wp-json\/wp\/v2\/pages"}],"about":[{"href":"https:\/\/www.ceipmestalla.com\/index.php\/wp-json\/wp\/v2\/types\/page"}],"author":[{"embeddable":true,"href":"https:\/\/www.ceipmestalla.com\/index.php\/wp-json\/wp\/v2\/users\/2"}],"replies":[{"embeddable":true,"href":"https:\/\/www.ceipmestalla.com\/index.php\/wp-json\/wp\/v2\/comments?post=23"}],"version-history":[{"count":14,"href":"https:\/\/www.ceipmestalla.com\/index.php\/wp-json\/wp\/v2\/pages\/23\/revisions"}],"predecessor-version":[{"id":3445,"href":"https:\/\/www.ceipmestalla.com\/index.php\/wp-json\/wp\/v2\/pages\/23\/revisions\/3445"}],"wp:attachment":[{"href":"https:\/\/www.ceipmestalla.com\/index.php\/wp-json\/wp\/v2\/media?parent=23"}],"curies":[{"name":"wp","href":"https:\/\/api.w.org\/{rel}","templated":true}]}}