{"id":2521,"date":"2022-04-05T16:39:40","date_gmt":"2022-04-05T14:39:40","guid":{"rendered":"https:\/\/www.ceipmestalla.com\/?page_id=2521"},"modified":"2022-04-06T16:05:24","modified_gmt":"2022-04-06T14:05:24","slug":"proyectos-escolares","status":"publish","type":"page","link":"https:\/\/www.ceipmestalla.com\/index.php\/proyectos-escolares\/","title":{"rendered":"Proyectos escolares"},"content":{"rendered":"\n<p>Trabajamos con metodolog\u00edas activas y participativas, tratando de incluir a todo el alumnado en las actividades, contamos con un huerto escolar y con diferentes plataformas TIC para trabajar diferentes \u00e1reas curriculares.<\/p>\n\n\n\n<figure class=\"wp-block-image size-large is-resized\"><img fetchpriority=\"high\" decoding=\"async\" src=\"https:\/\/www.ceipmestalla.com\/wp-content\/uploads\/2022\/04\/IMG20220406131306-1024x768.jpg\" alt=\"\" class=\"wp-image-2560\" width=\"512\" height=\"384\" srcset=\"https:\/\/www.ceipmestalla.com\/wp-content\/uploads\/2022\/04\/IMG20220406131306-1024x768.jpg 1024w, https:\/\/www.ceipmestalla.com\/wp-content\/uploads\/2022\/04\/IMG20220406131306-300x225.jpg 300w, https:\/\/www.ceipmestalla.com\/wp-content\/uploads\/2022\/04\/IMG20220406131306-768x576.jpg 768w, https:\/\/www.ceipmestalla.com\/wp-content\/uploads\/2022\/04\/IMG20220406131306-1536x1152.jpg 1536w, https:\/\/www.ceipmestalla.com\/wp-content\/uploads\/2022\/04\/IMG20220406131306-2048x1536.jpg 2048w, https:\/\/www.ceipmestalla.com\/wp-content\/uploads\/2022\/04\/IMG20220406131306-570x428.jpg 570w\" sizes=\"(max-width: 512px) 100vw, 512px\" \/><\/figure>\n\n\n\n<figure class=\"wp-block-image size-large\"><img decoding=\"async\" width=\"768\" height=\"1024\" src=\"https:\/\/www.ceipmestalla.com\/wp-content\/uploads\/2022\/04\/IMG20220406131415-768x1024.jpg\" alt=\"\" class=\"wp-image-2559\" srcset=\"https:\/\/www.ceipmestalla.com\/wp-content\/uploads\/2022\/04\/IMG20220406131415-768x1024.jpg 768w, https:\/\/www.ceipmestalla.com\/wp-content\/uploads\/2022\/04\/IMG20220406131415-225x300.jpg 225w, https:\/\/www.ceipmestalla.com\/wp-content\/uploads\/2022\/04\/IMG20220406131415-1152x1536.jpg 1152w, https:\/\/www.ceipmestalla.com\/wp-content\/uploads\/2022\/04\/IMG20220406131415-1536x2048.jpg 1536w, https:\/\/www.ceipmestalla.com\/wp-content\/uploads\/2022\/04\/IMG20220406131415-570x760.jpg 570w, https:\/\/www.ceipmestalla.com\/wp-content\/uploads\/2022\/04\/IMG20220406131415-scaled.jpg 1920w\" sizes=\"(max-width: 768px) 100vw, 768px\" \/><\/figure>\n\n\n\n<p class=\"has-large-font-size\"><strong>HUERTO<\/strong><\/p>\n\n\n\n<p>Ubicado en la terraza, se encuentra nuestro huerto urbano, cuidado por diferentes grupos de alumnos que con mucha ilusi\u00f3n plantan cada a\u00f1o verduras, hortalizas y flores. <\/p>\n\n\n\n<div class=\"wp-block-image\"><figure class=\"aligncenter size-medium\"><img decoding=\"async\" width=\"300\" height=\"249\" src=\"https:\/\/www.ceipmestalla.com\/wp-content\/uploads\/2022\/04\/huerto-300x249.jpg\" alt=\"\" class=\"wp-image-2523\" srcset=\"https:\/\/www.ceipmestalla.com\/wp-content\/uploads\/2022\/04\/huerto-300x249.jpg 300w, https:\/\/www.ceipmestalla.com\/wp-content\/uploads\/2022\/04\/huerto-1024x849.jpg 1024w, https:\/\/www.ceipmestalla.com\/wp-content\/uploads\/2022\/04\/huerto-768x637.jpg 768w, https:\/\/www.ceipmestalla.com\/wp-content\/uploads\/2022\/04\/huerto-570x472.jpg 570w, https:\/\/www.ceipmestalla.com\/wp-content\/uploads\/2022\/04\/huerto.jpg 1280w\" sizes=\"(max-width: 300px) 100vw, 300px\" \/><\/figure><\/div>\n\n\n\n<figure class=\"wp-block-image size-large\"><img loading=\"lazy\" decoding=\"async\" width=\"461\" height=\"1024\" src=\"https:\/\/www.ceipmestalla.com\/wp-content\/uploads\/2022\/04\/IMG_20220404_161642-461x1024.jpg\" alt=\"\" class=\"wp-image-2522\" srcset=\"https:\/\/www.ceipmestalla.com\/wp-content\/uploads\/2022\/04\/IMG_20220404_161642-461x1024.jpg 461w, https:\/\/www.ceipmestalla.com\/wp-content\/uploads\/2022\/04\/IMG_20220404_161642-135x300.jpg 135w, https:\/\/www.ceipmestalla.com\/wp-content\/uploads\/2022\/04\/IMG_20220404_161642-768x1707.jpg 768w, https:\/\/www.ceipmestalla.com\/wp-content\/uploads\/2022\/04\/IMG_20220404_161642-691x1536.jpg 691w, https:\/\/www.ceipmestalla.com\/wp-content\/uploads\/2022\/04\/IMG_20220404_161642-570x1267.jpg 570w, https:\/\/www.ceipmestalla.com\/wp-content\/uploads\/2022\/04\/IMG_20220404_161642.jpg 900w\" sizes=\"(max-width: 461px) 100vw, 461px\" \/><\/figure>\n\n\n\n<figure class=\"wp-block-image size-large is-resized\"><img loading=\"lazy\" decoding=\"async\" src=\"https:\/\/www.ceipmestalla.com\/wp-content\/uploads\/2022\/04\/huerto3-1024x850.jpg\" alt=\"\" class=\"wp-image-2572\" width=\"512\" height=\"425\" srcset=\"https:\/\/www.ceipmestalla.com\/wp-content\/uploads\/2022\/04\/huerto3-1024x850.jpg 1024w, https:\/\/www.ceipmestalla.com\/wp-content\/uploads\/2022\/04\/huerto3-300x249.jpg 300w, https:\/\/www.ceipmestalla.com\/wp-content\/uploads\/2022\/04\/huerto3-768x637.jpg 768w, https:\/\/www.ceipmestalla.com\/wp-content\/uploads\/2022\/04\/huerto3-570x473.jpg 570w, https:\/\/www.ceipmestalla.com\/wp-content\/uploads\/2022\/04\/huerto3.jpg 1280w\" sizes=\"(max-width: 512px) 100vw, 512px\" \/><\/figure>\n\n\n\n<figure class=\"wp-block-image size-large is-resized\"><img loading=\"lazy\" decoding=\"async\" src=\"https:\/\/www.ceipmestalla.com\/wp-content\/uploads\/2022\/04\/huerto4-827x1024.jpg\" alt=\"\" class=\"wp-image-2571\" width=\"414\" height=\"512\" srcset=\"https:\/\/www.ceipmestalla.com\/wp-content\/uploads\/2022\/04\/huerto4-827x1024.jpg 827w, https:\/\/www.ceipmestalla.com\/wp-content\/uploads\/2022\/04\/huerto4-242x300.jpg 242w, https:\/\/www.ceipmestalla.com\/wp-content\/uploads\/2022\/04\/huerto4-768x951.jpg 768w, https:\/\/www.ceipmestalla.com\/wp-content\/uploads\/2022\/04\/huerto4-570x706.jpg 570w, https:\/\/www.ceipmestalla.com\/wp-content\/uploads\/2022\/04\/huerto4.jpg 1034w\" sizes=\"(max-width: 414px) 100vw, 414px\" \/><\/figure>\n\n\n\n<p class=\"has-large-font-size\"><strong>TICS<\/strong><\/p>\n\n\n\n<p>Nuestro centro cuenta con pizarras digitales y monitores t\u00e1ctiles en las aulas adem\u00e1s de una aula de inform\u00e1tica, visitada semanalmente por los alumnos, donde aprenden a trabajar con diferentes programas inform\u00e1ticos, adem\u00e1s contamos con robots programables. Trabajamos diferentes \u00e1reas del curr\u00edculo con plataformas online y apps.<\/p>\n\n\n\n<div class=\"wp-block-image\"><figure class=\"aligncenter size-medium\"><img loading=\"lazy\" decoding=\"async\" width=\"300\" height=\"169\" src=\"https:\/\/www.ceipmestalla.com\/wp-content\/uploads\/2022\/04\/20220304_115130-300x169.jpg\" alt=\"\" class=\"wp-image-2516\" srcset=\"https:\/\/www.ceipmestalla.com\/wp-content\/uploads\/2022\/04\/20220304_115130-300x169.jpg 300w, https:\/\/www.ceipmestalla.com\/wp-content\/uploads\/2022\/04\/20220304_115130-1024x576.jpg 1024w, https:\/\/www.ceipmestalla.com\/wp-content\/uploads\/2022\/04\/20220304_115130-768x432.jpg 768w, https:\/\/www.ceipmestalla.com\/wp-content\/uploads\/2022\/04\/20220304_115130-1536x864.jpg 1536w, https:\/\/www.ceipmestalla.com\/wp-content\/uploads\/2022\/04\/20220304_115130-2048x1152.jpg 2048w, https:\/\/www.ceipmestalla.com\/wp-content\/uploads\/2022\/04\/20220304_115130-570x321.jpg 570w, https:\/\/www.ceipmestalla.com\/wp-content\/uploads\/2022\/04\/20220304_115130-1110x624.jpg 1110w, https:\/\/www.ceipmestalla.com\/wp-content\/uploads\/2022\/04\/20220304_115130-528x297.jpg 528w\" sizes=\"(max-width: 300px) 100vw, 300px\" \/><\/figure><\/div>\n\n\n\n<figure class=\"wp-block-image size-large is-resized\"><img loading=\"lazy\" decoding=\"async\" src=\"https:\/\/www.ceipmestalla.com\/wp-content\/uploads\/2022\/04\/IMG-20220405-WA0009-1024x768.jpg\" alt=\"\" class=\"wp-image-2544\" width=\"512\" height=\"384\" srcset=\"https:\/\/www.ceipmestalla.com\/wp-content\/uploads\/2022\/04\/IMG-20220405-WA0009-1024x768.jpg 1024w, https:\/\/www.ceipmestalla.com\/wp-content\/uploads\/2022\/04\/IMG-20220405-WA0009-300x225.jpg 300w, https:\/\/www.ceipmestalla.com\/wp-content\/uploads\/2022\/04\/IMG-20220405-WA0009-768x576.jpg 768w, https:\/\/www.ceipmestalla.com\/wp-content\/uploads\/2022\/04\/IMG-20220405-WA0009-1536x1152.jpg 1536w, https:\/\/www.ceipmestalla.com\/wp-content\/uploads\/2022\/04\/IMG-20220405-WA0009-570x428.jpg 570w, https:\/\/www.ceipmestalla.com\/wp-content\/uploads\/2022\/04\/IMG-20220405-WA0009.jpg 1600w\" sizes=\"(max-width: 512px) 100vw, 512px\" \/><\/figure>\n\n\n\n<figure class=\"wp-block-image size-large is-resized\"><img loading=\"lazy\" decoding=\"async\" src=\"https:\/\/www.ceipmestalla.com\/wp-content\/uploads\/2022\/04\/IMG-20220406-WA0008-1024x576.jpg\" alt=\"\" class=\"wp-image-2563\" width=\"512\" height=\"288\" srcset=\"https:\/\/www.ceipmestalla.com\/wp-content\/uploads\/2022\/04\/IMG-20220406-WA0008-1024x576.jpg 1024w, https:\/\/www.ceipmestalla.com\/wp-content\/uploads\/2022\/04\/IMG-20220406-WA0008-300x169.jpg 300w, https:\/\/www.ceipmestalla.com\/wp-content\/uploads\/2022\/04\/IMG-20220406-WA0008-768x432.jpg 768w, https:\/\/www.ceipmestalla.com\/wp-content\/uploads\/2022\/04\/IMG-20220406-WA0008-1536x864.jpg 1536w, https:\/\/www.ceipmestalla.com\/wp-content\/uploads\/2022\/04\/IMG-20220406-WA0008-570x321.jpg 570w, https:\/\/www.ceipmestalla.com\/wp-content\/uploads\/2022\/04\/IMG-20220406-WA0008-1110x624.jpg 1110w, https:\/\/www.ceipmestalla.com\/wp-content\/uploads\/2022\/04\/IMG-20220406-WA0008-528x297.jpg 528w, https:\/\/www.ceipmestalla.com\/wp-content\/uploads\/2022\/04\/IMG-20220406-WA0008.jpg 2016w\" sizes=\"(max-width: 512px) 100vw, 512px\" \/><\/figure>\n\n\n\n<figure class=\"wp-block-image size-large is-resized\"><img loading=\"lazy\" decoding=\"async\" src=\"https:\/\/www.ceipmestalla.com\/wp-content\/uploads\/2022\/04\/IMG-20220406-WA0011-1024x576.jpg\" alt=\"\" class=\"wp-image-2562\" width=\"512\" height=\"288\" srcset=\"https:\/\/www.ceipmestalla.com\/wp-content\/uploads\/2022\/04\/IMG-20220406-WA0011-1024x576.jpg 1024w, https:\/\/www.ceipmestalla.com\/wp-content\/uploads\/2022\/04\/IMG-20220406-WA0011-300x169.jpg 300w, https:\/\/www.ceipmestalla.com\/wp-content\/uploads\/2022\/04\/IMG-20220406-WA0011-768x432.jpg 768w, https:\/\/www.ceipmestalla.com\/wp-content\/uploads\/2022\/04\/IMG-20220406-WA0011-1536x864.jpg 1536w, https:\/\/www.ceipmestalla.com\/wp-content\/uploads\/2022\/04\/IMG-20220406-WA0011-570x321.jpg 570w, https:\/\/www.ceipmestalla.com\/wp-content\/uploads\/2022\/04\/IMG-20220406-WA0011-1110x624.jpg 1110w, https:\/\/www.ceipmestalla.com\/wp-content\/uploads\/2022\/04\/IMG-20220406-WA0011-528x297.jpg 528w, https:\/\/www.ceipmestalla.com\/wp-content\/uploads\/2022\/04\/IMG-20220406-WA0011.jpg 2016w\" sizes=\"(max-width: 512px) 100vw, 512px\" \/><\/figure>\n\n\n\n<figure class=\"wp-block-image size-large\"><img loading=\"lazy\" decoding=\"async\" width=\"1024\" height=\"576\" src=\"https:\/\/www.ceipmestalla.com\/wp-content\/uploads\/2022\/04\/IMG-20220406-WA0012-1024x576.jpg\" alt=\"\" class=\"wp-image-2561\" srcset=\"https:\/\/www.ceipmestalla.com\/wp-content\/uploads\/2022\/04\/IMG-20220406-WA0012-1024x576.jpg 1024w, https:\/\/www.ceipmestalla.com\/wp-content\/uploads\/2022\/04\/IMG-20220406-WA0012-300x169.jpg 300w, https:\/\/www.ceipmestalla.com\/wp-content\/uploads\/2022\/04\/IMG-20220406-WA0012-768x432.jpg 768w, https:\/\/www.ceipmestalla.com\/wp-content\/uploads\/2022\/04\/IMG-20220406-WA0012-1536x864.jpg 1536w, https:\/\/www.ceipmestalla.com\/wp-content\/uploads\/2022\/04\/IMG-20220406-WA0012-570x321.jpg 570w, https:\/\/www.ceipmestalla.com\/wp-content\/uploads\/2022\/04\/IMG-20220406-WA0012-1110x624.jpg 1110w, https:\/\/www.ceipmestalla.com\/wp-content\/uploads\/2022\/04\/IMG-20220406-WA0012-528x297.jpg 528w, https:\/\/www.ceipmestalla.com\/wp-content\/uploads\/2022\/04\/IMG-20220406-WA0012.jpg 2016w\" sizes=\"(max-width: 1024px) 100vw, 1024px\" \/><\/figure>\n","protected":false},"excerpt":{"rendered":"<p>Trabajamos con metodolog\u00edas activas y participativas, tratando de incluir a todo el alumnado en las actividades, contamos con un huerto escolar y con diferentes plataformas TIC para trabajar diferentes \u00e1reas curriculares. HUERTO Ubicado en la terraza, se encuentra nuestro huerto urbano, cuidado por diferentes grupos de alumnos que con mucha ilusi\u00f3n plantan cada a\u00f1o verduras, [&hellip;]<\/p>\n","protected":false},"author":1,"featured_media":0,"parent":0,"menu_order":0,"comment_status":"closed","ping_status":"closed","template":"","meta":{"footnotes":""},"class_list":["post-2521","page","type-page","status-publish","czr-hentry"],"yoast_head":"<!-- This site is optimized with the Yoast SEO plugin v25.7 - https:\/\/yoast.com\/wordpress\/plugins\/seo\/ -->\n<title>Proyectos escolares - Ceip Mestalla<\/title>\n<meta name=\"robots\" content=\"index, follow, max-snippet:-1, max-image-preview:large, max-video-preview:-1\" \/>\n<link rel=\"canonical\" href=\"https:\/\/www.ceipmestalla.com\/index.php\/proyectos-escolares\/\" \/>\n<meta property=\"og:locale\" content=\"es_ES\" \/>\n<meta property=\"og:type\" content=\"article\" \/>\n<meta property=\"og:title\" content=\"Proyectos escolares - Ceip Mestalla\" \/>\n<meta property=\"og:description\" content=\"Trabajamos con metodolog\u00edas activas y participativas, tratando de incluir a todo el alumnado en las actividades, contamos con un huerto escolar y con diferentes plataformas TIC para trabajar diferentes \u00e1reas curriculares. HUERTO Ubicado en la terraza, se encuentra nuestro huerto urbano, cuidado por diferentes grupos de alumnos que con mucha ilusi\u00f3n plantan cada a\u00f1o verduras, [&hellip;]\" \/>\n<meta property=\"og:url\" content=\"https:\/\/www.ceipmestalla.com\/index.php\/proyectos-escolares\/\" \/>\n<meta property=\"og:site_name\" content=\"Ceip Mestalla\" \/>\n<meta property=\"article:modified_time\" content=\"2022-04-06T14:05:24+00:00\" \/>\n<meta property=\"og:image\" content=\"https:\/\/www.ceipmestalla.com\/wp-content\/uploads\/2022\/04\/IMG20220406131306-1024x768.jpg\" \/>\n<meta name=\"twitter:card\" content=\"summary_large_image\" \/>\n<meta name=\"twitter:site\" content=\"@emestalla\" \/>\n<meta name=\"twitter:label1\" content=\"Tiempo de lectura\" \/>\n\t<meta name=\"twitter:data1\" content=\"3 minutos\" \/>\n<script type=\"application\/ld+json\" class=\"yoast-schema-graph\">{\"@context\":\"https:\/\/schema.org\",\"@graph\":[{\"@type\":\"WebPage\",\"@id\":\"https:\/\/www.ceipmestalla.com\/index.php\/proyectos-escolares\/\",\"url\":\"https:\/\/www.ceipmestalla.com\/index.php\/proyectos-escolares\/\",\"name\":\"Proyectos escolares - Ceip Mestalla\",\"isPartOf\":{\"@id\":\"https:\/\/www.ceipmestalla.com\/#website\"},\"primaryImageOfPage\":{\"@id\":\"https:\/\/www.ceipmestalla.com\/index.php\/proyectos-escolares\/#primaryimage\"},\"image\":{\"@id\":\"https:\/\/www.ceipmestalla.com\/index.php\/proyectos-escolares\/#primaryimage\"},\"thumbnailUrl\":\"https:\/\/www.ceipmestalla.com\/wp-content\/uploads\/2022\/04\/IMG20220406131306-1024x768.jpg\",\"datePublished\":\"2022-04-05T14:39:40+00:00\",\"dateModified\":\"2022-04-06T14:05:24+00:00\",\"breadcrumb\":{\"@id\":\"https:\/\/www.ceipmestalla.com\/index.php\/proyectos-escolares\/#breadcrumb\"},\"inLanguage\":\"es\",\"potentialAction\":[{\"@type\":\"ReadAction\",\"target\":[\"https:\/\/www.ceipmestalla.com\/index.php\/proyectos-escolares\/\"]}]},{\"@type\":\"ImageObject\",\"inLanguage\":\"es\",\"@id\":\"https:\/\/www.ceipmestalla.com\/index.php\/proyectos-escolares\/#primaryimage\",\"url\":\"https:\/\/www.ceipmestalla.com\/wp-content\/uploads\/2022\/04\/IMG20220406131306-scaled.jpg\",\"contentUrl\":\"https:\/\/www.ceipmestalla.com\/wp-content\/uploads\/2022\/04\/IMG20220406131306-scaled.jpg\",\"width\":2560,\"height\":1920},{\"@type\":\"BreadcrumbList\",\"@id\":\"https:\/\/www.ceipmestalla.com\/index.php\/proyectos-escolares\/#breadcrumb\",\"itemListElement\":[{\"@type\":\"ListItem\",\"position\":1,\"name\":\"Portada\",\"item\":\"https:\/\/www.ceipmestalla.com\/\"},{\"@type\":\"ListItem\",\"position\":2,\"name\":\"Proyectos escolares\"}]},{\"@type\":\"WebSite\",\"@id\":\"https:\/\/www.ceipmestalla.com\/#website\",\"url\":\"https:\/\/www.ceipmestalla.com\/\",\"name\":\"Ceip Mestalla\",\"description\":\"\",\"publisher\":{\"@id\":\"https:\/\/www.ceipmestalla.com\/#organization\"},\"potentialAction\":[{\"@type\":\"SearchAction\",\"target\":{\"@type\":\"EntryPoint\",\"urlTemplate\":\"https:\/\/www.ceipmestalla.com\/?s={search_term_string}\"},\"query-input\":{\"@type\":\"PropertyValueSpecification\",\"valueRequired\":true,\"valueName\":\"search_term_string\"}}],\"inLanguage\":\"es\"},{\"@type\":\"Organization\",\"@id\":\"https:\/\/www.ceipmestalla.com\/#organization\",\"name\":\"Ceip Mestalla\",\"url\":\"https:\/\/www.ceipmestalla.com\/\",\"logo\":{\"@type\":\"ImageObject\",\"inLanguage\":\"es\",\"@id\":\"https:\/\/www.ceipmestalla.com\/#\/schema\/logo\/image\/\",\"url\":\"https:\/\/www.ceipmestalla.com\/wp-content\/uploads\/2021\/02\/cropped-cropped-cropped-cropped-LOGO_Mestalla-1-e1614470494422.png\",\"contentUrl\":\"https:\/\/www.ceipmestalla.com\/wp-content\/uploads\/2021\/02\/cropped-cropped-cropped-cropped-LOGO_Mestalla-1-e1614470494422.png\",\"width\":500,\"height\":191,\"caption\":\"Ceip Mestalla\"},\"image\":{\"@id\":\"https:\/\/www.ceipmestalla.com\/#\/schema\/logo\/image\/\"},\"sameAs\":[\"https:\/\/x.com\/emestalla\",\"https:\/\/www.instagram.com\/colegiomestalla\"]}]}<\/script>\n<!-- \/ Yoast SEO plugin. -->","yoast_head_json":{"title":"Proyectos escolares - Ceip Mestalla","robots":{"index":"index","follow":"follow","max-snippet":"max-snippet:-1","max-image-preview":"max-image-preview:large","max-video-preview":"max-video-preview:-1"},"canonical":"https:\/\/www.ceipmestalla.com\/index.php\/proyectos-escolares\/","og_locale":"es_ES","og_type":"article","og_title":"Proyectos escolares - Ceip Mestalla","og_description":"Trabajamos con metodolog\u00edas activas y participativas, tratando de incluir a todo el alumnado en las actividades, contamos con un huerto escolar y con diferentes plataformas TIC para trabajar diferentes \u00e1reas curriculares. HUERTO Ubicado en la terraza, se encuentra nuestro huerto urbano, cuidado por diferentes grupos de alumnos que con mucha ilusi\u00f3n plantan cada a\u00f1o verduras, [&hellip;]","og_url":"https:\/\/www.ceipmestalla.com\/index.php\/proyectos-escolares\/","og_site_name":"Ceip Mestalla","article_modified_time":"2022-04-06T14:05:24+00:00","og_image":[{"url":"https:\/\/www.ceipmestalla.com\/wp-content\/uploads\/2022\/04\/IMG20220406131306-1024x768.jpg","type":"","width":"","height":""}],"twitter_card":"summary_large_image","twitter_site":"@emestalla","twitter_misc":{"Tiempo de lectura":"3 minutos"},"schema":{"@context":"https:\/\/schema.org","@graph":[{"@type":"WebPage","@id":"https:\/\/www.ceipmestalla.com\/index.php\/proyectos-escolares\/","url":"https:\/\/www.ceipmestalla.com\/index.php\/proyectos-escolares\/","name":"Proyectos escolares - Ceip Mestalla","isPartOf":{"@id":"https:\/\/www.ceipmestalla.com\/#website"},"primaryImageOfPage":{"@id":"https:\/\/www.ceipmestalla.com\/index.php\/proyectos-escolares\/#primaryimage"},"image":{"@id":"https:\/\/www.ceipmestalla.com\/index.php\/proyectos-escolares\/#primaryimage"},"thumbnailUrl":"https:\/\/www.ceipmestalla.com\/wp-content\/uploads\/2022\/04\/IMG20220406131306-1024x768.jpg","datePublished":"2022-04-05T14:39:40+00:00","dateModified":"2022-04-06T14:05:24+00:00","breadcrumb":{"@id":"https:\/\/www.ceipmestalla.com\/index.php\/proyectos-escolares\/#breadcrumb"},"inLanguage":"es","potentialAction":[{"@type":"ReadAction","target":["https:\/\/www.ceipmestalla.com\/index.php\/proyectos-escolares\/"]}]},{"@type":"ImageObject","inLanguage":"es","@id":"https:\/\/www.ceipmestalla.com\/index.php\/proyectos-escolares\/#primaryimage","url":"https:\/\/www.ceipmestalla.com\/wp-content\/uploads\/2022\/04\/IMG20220406131306-scaled.jpg","contentUrl":"https:\/\/www.ceipmestalla.com\/wp-content\/uploads\/2022\/04\/IMG20220406131306-scaled.jpg","width":2560,"height":1920},{"@type":"BreadcrumbList","@id":"https:\/\/www.ceipmestalla.com\/index.php\/proyectos-escolares\/#breadcrumb","itemListElement":[{"@type":"ListItem","position":1,"name":"Portada","item":"https:\/\/www.ceipmestalla.com\/"},{"@type":"ListItem","position":2,"name":"Proyectos escolares"}]},{"@type":"WebSite","@id":"https:\/\/www.ceipmestalla.com\/#website","url":"https:\/\/www.ceipmestalla.com\/","name":"Ceip Mestalla","description":"","publisher":{"@id":"https:\/\/www.ceipmestalla.com\/#organization"},"potentialAction":[{"@type":"SearchAction","target":{"@type":"EntryPoint","urlTemplate":"https:\/\/www.ceipmestalla.com\/?s={search_term_string}"},"query-input":{"@type":"PropertyValueSpecification","valueRequired":true,"valueName":"search_term_string"}}],"inLanguage":"es"},{"@type":"Organization","@id":"https:\/\/www.ceipmestalla.com\/#organization","name":"Ceip Mestalla","url":"https:\/\/www.ceipmestalla.com\/","logo":{"@type":"ImageObject","inLanguage":"es","@id":"https:\/\/www.ceipmestalla.com\/#\/schema\/logo\/image\/","url":"https:\/\/www.ceipmestalla.com\/wp-content\/uploads\/2021\/02\/cropped-cropped-cropped-cropped-LOGO_Mestalla-1-e1614470494422.png","contentUrl":"https:\/\/www.ceipmestalla.com\/wp-content\/uploads\/2021\/02\/cropped-cropped-cropped-cropped-LOGO_Mestalla-1-e1614470494422.png","width":500,"height":191,"caption":"Ceip Mestalla"},"image":{"@id":"https:\/\/www.ceipmestalla.com\/#\/schema\/logo\/image\/"},"sameAs":["https:\/\/x.com\/emestalla","https:\/\/www.instagram.com\/colegiomestalla"]}]}},"_links":{"self":[{"href":"https:\/\/www.ceipmestalla.com\/index.php\/wp-json\/wp\/v2\/pages\/2521","targetHints":{"allow":["GET"]}}],"collection":[{"href":"https:\/\/www.ceipmestalla.com\/index.php\/wp-json\/wp\/v2\/pages"}],"about":[{"href":"https:\/\/www.ceipmestalla.com\/index.php\/wp-json\/wp\/v2\/types\/page"}],"author":[{"embeddable":true,"href":"https:\/\/www.ceipmestalla.com\/index.php\/wp-json\/wp\/v2\/users\/1"}],"replies":[{"embeddable":true,"href":"https:\/\/www.ceipmestalla.com\/index.php\/wp-json\/wp\/v2\/comments?post=2521"}],"version-history":[{"count":5,"href":"https:\/\/www.ceipmestalla.com\/index.php\/wp-json\/wp\/v2\/pages\/2521\/revisions"}],"predecessor-version":[{"id":2573,"href":"https:\/\/www.ceipmestalla.com\/index.php\/wp-json\/wp\/v2\/pages\/2521\/revisions\/2573"}],"wp:attachment":[{"href":"https:\/\/www.ceipmestalla.com\/index.php\/wp-json\/wp\/v2\/media?parent=2521"}],"curies":[{"name":"wp","href":"https:\/\/api.w.org\/{rel}","templated":true}]}}