{"id":30,"date":"2021-02-17T19:18:36","date_gmt":"2021-02-17T19:18:36","guid":{"rendered":"https:\/\/www.ceipmestalla.com\/?page_id=30"},"modified":"2021-03-06T19:34:11","modified_gmt":"2021-03-06T19:34:11","slug":"educacion-infantil","status":"publish","type":"page","link":"https:\/\/www.ceipmestalla.com\/index.php\/educacion-infantil\/","title":{"rendered":"Educaci\u00f3n Infantil"},"content":{"rendered":"\n<h2 class=\"has-text-color wp-block-heading\" style=\"color:#1e6888\">PERIODO DE ADAPTACI\u00d3N<\/h2>\n\n\n\n<div class=\"wp-block-media-text alignwide is-stacked-on-mobile\"><figure class=\"wp-block-media-text__media\"><img fetchpriority=\"high\" decoding=\"async\" width=\"980\" height=\"572\" src=\"https:\/\/www.ceipmestalla.com\/wp-content\/uploads\/2021\/03\/1535712673_537674_1535720001_noticia_normal.jpg\" alt=\"\" class=\"wp-image-811 size-full\" srcset=\"https:\/\/www.ceipmestalla.com\/wp-content\/uploads\/2021\/03\/1535712673_537674_1535720001_noticia_normal.jpg 980w, https:\/\/www.ceipmestalla.com\/wp-content\/uploads\/2021\/03\/1535712673_537674_1535720001_noticia_normal-300x175.jpg 300w, https:\/\/www.ceipmestalla.com\/wp-content\/uploads\/2021\/03\/1535712673_537674_1535720001_noticia_normal-768x448.jpg 768w, https:\/\/www.ceipmestalla.com\/wp-content\/uploads\/2021\/03\/1535712673_537674_1535720001_noticia_normal-570x333.jpg 570w\" sizes=\"(max-width: 980px) 100vw, 980px\" \/><\/figure><div class=\"wp-block-media-text__content\">\n<p><\/p>\n\n\n\n<p class=\"has-vivid-red-color has-text-color has-large-font-size\"><strong>Una nueva etapa comienza.<\/strong><\/p>\n\n\n\n<p>Estimados padres y madres:<\/p>\n\n\n\n<p>La entrada al colegio de los ni\u00f1os y ni\u00f1as se presenta como un acontecimiento nuevo, tanto para el alumnado como para los padres\/madres.<\/p>\n\n\n\n<p>Entrar en el colegio supone un importante cambio para ellos. Todo les va a resultar nuevo (el espacio, las personas, las rutinas\u2026) adem\u00e1s de la separaci\u00f3n del ambiente familiar.<\/p>\n\n\n\n<p><a href=\"https:\/\/www.ceipmestalla.com\/wp-content\/uploads\/2021\/03\/periodo-adaptacion-WEB.pdf\" target=\"_blank\" rel=\"noreferrer noopener\"><em>LEER MAS<\/em>&#8230;..<\/a><\/p>\n<\/div><\/div>\n\n\n\n<p><\/p>\n","protected":false},"excerpt":{"rendered":"<p>PERIODO DE ADAPTACI\u00d3N Una nueva etapa comienza. Estimados padres y madres: La entrada al colegio de los ni\u00f1os y ni\u00f1as se presenta como un acontecimiento nuevo, tanto para el alumnado como para los padres\/madres. Entrar en el colegio supone un importante cambio para ellos. Todo les va a resultar nuevo (el espacio, las personas, las [&hellip;]<\/p>\n","protected":false},"author":2,"featured_media":0,"parent":0,"menu_order":0,"comment_status":"closed","ping_status":"closed","template":"","meta":{"footnotes":""},"class_list":["post-30","page","type-page","status-publish","czr-hentry"],"yoast_head":"<!-- This site is optimized with the Yoast SEO plugin v25.7 - https:\/\/yoast.com\/wordpress\/plugins\/seo\/ -->\n<title>Educaci\u00f3n Infantil - Ceip Mestalla<\/title>\n<meta name=\"robots\" content=\"index, follow, max-snippet:-1, max-image-preview:large, max-video-preview:-1\" \/>\n<link rel=\"canonical\" href=\"https:\/\/www.ceipmestalla.com\/index.php\/educacion-infantil\/\" \/>\n<meta property=\"og:locale\" content=\"es_ES\" \/>\n<meta property=\"og:type\" content=\"article\" \/>\n<meta property=\"og:title\" content=\"Educaci\u00f3n Infantil - Ceip Mestalla\" \/>\n<meta property=\"og:description\" content=\"PERIODO DE ADAPTACI\u00d3N Una nueva etapa comienza. Estimados padres y madres: La entrada al colegio de los ni\u00f1os y ni\u00f1as se presenta como un acontecimiento nuevo, tanto para el alumnado como para los padres\/madres. Entrar en el colegio supone un importante cambio para ellos. Todo les va a resultar nuevo (el espacio, las personas, las [&hellip;]\" \/>\n<meta property=\"og:url\" content=\"https:\/\/www.ceipmestalla.com\/index.php\/educacion-infantil\/\" \/>\n<meta property=\"og:site_name\" content=\"Ceip Mestalla\" \/>\n<meta property=\"article:modified_time\" content=\"2021-03-06T19:34:11+00:00\" \/>\n<meta property=\"og:image\" content=\"https:\/\/www.ceipmestalla.com\/wp-content\/uploads\/2021\/03\/1535712673_537674_1535720001_noticia_normal.jpg\" \/>\n<meta name=\"twitter:card\" content=\"summary_large_image\" \/>\n<meta name=\"twitter:site\" content=\"@emestalla\" \/>\n<script type=\"application\/ld+json\" class=\"yoast-schema-graph\">{\"@context\":\"https:\/\/schema.org\",\"@graph\":[{\"@type\":\"WebPage\",\"@id\":\"https:\/\/www.ceipmestalla.com\/index.php\/educacion-infantil\/\",\"url\":\"https:\/\/www.ceipmestalla.com\/index.php\/educacion-infantil\/\",\"name\":\"Educaci\u00f3n Infantil - Ceip Mestalla\",\"isPartOf\":{\"@id\":\"https:\/\/www.ceipmestalla.com\/#website\"},\"primaryImageOfPage\":{\"@id\":\"https:\/\/www.ceipmestalla.com\/index.php\/educacion-infantil\/#primaryimage\"},\"image\":{\"@id\":\"https:\/\/www.ceipmestalla.com\/index.php\/educacion-infantil\/#primaryimage\"},\"thumbnailUrl\":\"https:\/\/www.ceipmestalla.com\/wp-content\/uploads\/2021\/03\/1535712673_537674_1535720001_noticia_normal.jpg\",\"datePublished\":\"2021-02-17T19:18:36+00:00\",\"dateModified\":\"2021-03-06T19:34:11+00:00\",\"breadcrumb\":{\"@id\":\"https:\/\/www.ceipmestalla.com\/index.php\/educacion-infantil\/#breadcrumb\"},\"inLanguage\":\"es\",\"potentialAction\":[{\"@type\":\"ReadAction\",\"target\":[\"https:\/\/www.ceipmestalla.com\/index.php\/educacion-infantil\/\"]}]},{\"@type\":\"ImageObject\",\"inLanguage\":\"es\",\"@id\":\"https:\/\/www.ceipmestalla.com\/index.php\/educacion-infantil\/#primaryimage\",\"url\":\"https:\/\/www.ceipmestalla.com\/wp-content\/uploads\/2021\/03\/1535712673_537674_1535720001_noticia_normal.jpg\",\"contentUrl\":\"https:\/\/www.ceipmestalla.com\/wp-content\/uploads\/2021\/03\/1535712673_537674_1535720001_noticia_normal.jpg\",\"width\":980,\"height\":572},{\"@type\":\"BreadcrumbList\",\"@id\":\"https:\/\/www.ceipmestalla.com\/index.php\/educacion-infantil\/#breadcrumb\",\"itemListElement\":[{\"@type\":\"ListItem\",\"position\":1,\"name\":\"Portada\",\"item\":\"https:\/\/www.ceipmestalla.com\/\"},{\"@type\":\"ListItem\",\"position\":2,\"name\":\"Educaci\u00f3n Infantil\"}]},{\"@type\":\"WebSite\",\"@id\":\"https:\/\/www.ceipmestalla.com\/#website\",\"url\":\"https:\/\/www.ceipmestalla.com\/\",\"name\":\"Ceip Mestalla\",\"description\":\"\",\"publisher\":{\"@id\":\"https:\/\/www.ceipmestalla.com\/#organization\"},\"potentialAction\":[{\"@type\":\"SearchAction\",\"target\":{\"@type\":\"EntryPoint\",\"urlTemplate\":\"https:\/\/www.ceipmestalla.com\/?s={search_term_string}\"},\"query-input\":{\"@type\":\"PropertyValueSpecification\",\"valueRequired\":true,\"valueName\":\"search_term_string\"}}],\"inLanguage\":\"es\"},{\"@type\":\"Organization\",\"@id\":\"https:\/\/www.ceipmestalla.com\/#organization\",\"name\":\"Ceip Mestalla\",\"url\":\"https:\/\/www.ceipmestalla.com\/\",\"logo\":{\"@type\":\"ImageObject\",\"inLanguage\":\"es\",\"@id\":\"https:\/\/www.ceipmestalla.com\/#\/schema\/logo\/image\/\",\"url\":\"https:\/\/www.ceipmestalla.com\/wp-content\/uploads\/2021\/02\/cropped-cropped-cropped-cropped-LOGO_Mestalla-1-e1614470494422.png\",\"contentUrl\":\"https:\/\/www.ceipmestalla.com\/wp-content\/uploads\/2021\/02\/cropped-cropped-cropped-cropped-LOGO_Mestalla-1-e1614470494422.png\",\"width\":500,\"height\":191,\"caption\":\"Ceip Mestalla\"},\"image\":{\"@id\":\"https:\/\/www.ceipmestalla.com\/#\/schema\/logo\/image\/\"},\"sameAs\":[\"https:\/\/x.com\/emestalla\",\"https:\/\/www.instagram.com\/colegiomestalla\"]}]}<\/script>\n<!-- \/ Yoast SEO plugin. -->","yoast_head_json":{"title":"Educaci\u00f3n Infantil - Ceip Mestalla","robots":{"index":"index","follow":"follow","max-snippet":"max-snippet:-1","max-image-preview":"max-image-preview:large","max-video-preview":"max-video-preview:-1"},"canonical":"https:\/\/www.ceipmestalla.com\/index.php\/educacion-infantil\/","og_locale":"es_ES","og_type":"article","og_title":"Educaci\u00f3n Infantil - Ceip Mestalla","og_description":"PERIODO DE ADAPTACI\u00d3N Una nueva etapa comienza. Estimados padres y madres: La entrada al colegio de los ni\u00f1os y ni\u00f1as se presenta como un acontecimiento nuevo, tanto para el alumnado como para los padres\/madres. Entrar en el colegio supone un importante cambio para ellos. Todo les va a resultar nuevo (el espacio, las personas, las [&hellip;]","og_url":"https:\/\/www.ceipmestalla.com\/index.php\/educacion-infantil\/","og_site_name":"Ceip Mestalla","article_modified_time":"2021-03-06T19:34:11+00:00","og_image":[{"url":"https:\/\/www.ceipmestalla.com\/wp-content\/uploads\/2021\/03\/1535712673_537674_1535720001_noticia_normal.jpg","type":"","width":"","height":""}],"twitter_card":"summary_large_image","twitter_site":"@emestalla","schema":{"@context":"https:\/\/schema.org","@graph":[{"@type":"WebPage","@id":"https:\/\/www.ceipmestalla.com\/index.php\/educacion-infantil\/","url":"https:\/\/www.ceipmestalla.com\/index.php\/educacion-infantil\/","name":"Educaci\u00f3n Infantil - Ceip Mestalla","isPartOf":{"@id":"https:\/\/www.ceipmestalla.com\/#website"},"primaryImageOfPage":{"@id":"https:\/\/www.ceipmestalla.com\/index.php\/educacion-infantil\/#primaryimage"},"image":{"@id":"https:\/\/www.ceipmestalla.com\/index.php\/educacion-infantil\/#primaryimage"},"thumbnailUrl":"https:\/\/www.ceipmestalla.com\/wp-content\/uploads\/2021\/03\/1535712673_537674_1535720001_noticia_normal.jpg","datePublished":"2021-02-17T19:18:36+00:00","dateModified":"2021-03-06T19:34:11+00:00","breadcrumb":{"@id":"https:\/\/www.ceipmestalla.com\/index.php\/educacion-infantil\/#breadcrumb"},"inLanguage":"es","potentialAction":[{"@type":"ReadAction","target":["https:\/\/www.ceipmestalla.com\/index.php\/educacion-infantil\/"]}]},{"@type":"ImageObject","inLanguage":"es","@id":"https:\/\/www.ceipmestalla.com\/index.php\/educacion-infantil\/#primaryimage","url":"https:\/\/www.ceipmestalla.com\/wp-content\/uploads\/2021\/03\/1535712673_537674_1535720001_noticia_normal.jpg","contentUrl":"https:\/\/www.ceipmestalla.com\/wp-content\/uploads\/2021\/03\/1535712673_537674_1535720001_noticia_normal.jpg","width":980,"height":572},{"@type":"BreadcrumbList","@id":"https:\/\/www.ceipmestalla.com\/index.php\/educacion-infantil\/#breadcrumb","itemListElement":[{"@type":"ListItem","position":1,"name":"Portada","item":"https:\/\/www.ceipmestalla.com\/"},{"@type":"ListItem","position":2,"name":"Educaci\u00f3n Infantil"}]},{"@type":"WebSite","@id":"https:\/\/www.ceipmestalla.com\/#website","url":"https:\/\/www.ceipmestalla.com\/","name":"Ceip Mestalla","description":"","publisher":{"@id":"https:\/\/www.ceipmestalla.com\/#organization"},"potentialAction":[{"@type":"SearchAction","target":{"@type":"EntryPoint","urlTemplate":"https:\/\/www.ceipmestalla.com\/?s={search_term_string}"},"query-input":{"@type":"PropertyValueSpecification","valueRequired":true,"valueName":"search_term_string"}}],"inLanguage":"es"},{"@type":"Organization","@id":"https:\/\/www.ceipmestalla.com\/#organization","name":"Ceip Mestalla","url":"https:\/\/www.ceipmestalla.com\/","logo":{"@type":"ImageObject","inLanguage":"es","@id":"https:\/\/www.ceipmestalla.com\/#\/schema\/logo\/image\/","url":"https:\/\/www.ceipmestalla.com\/wp-content\/uploads\/2021\/02\/cropped-cropped-cropped-cropped-LOGO_Mestalla-1-e1614470494422.png","contentUrl":"https:\/\/www.ceipmestalla.com\/wp-content\/uploads\/2021\/02\/cropped-cropped-cropped-cropped-LOGO_Mestalla-1-e1614470494422.png","width":500,"height":191,"caption":"Ceip Mestalla"},"image":{"@id":"https:\/\/www.ceipmestalla.com\/#\/schema\/logo\/image\/"},"sameAs":["https:\/\/x.com\/emestalla","https:\/\/www.instagram.com\/colegiomestalla"]}]}},"_links":{"self":[{"href":"https:\/\/www.ceipmestalla.com\/index.php\/wp-json\/wp\/v2\/pages\/30","targetHints":{"allow":["GET"]}}],"collection":[{"href":"https:\/\/www.ceipmestalla.com\/index.php\/wp-json\/wp\/v2\/pages"}],"about":[{"href":"https:\/\/www.ceipmestalla.com\/index.php\/wp-json\/wp\/v2\/types\/page"}],"author":[{"embeddable":true,"href":"https:\/\/www.ceipmestalla.com\/index.php\/wp-json\/wp\/v2\/users\/2"}],"replies":[{"embeddable":true,"href":"https:\/\/www.ceipmestalla.com\/index.php\/wp-json\/wp\/v2\/comments?post=30"}],"version-history":[{"count":3,"href":"https:\/\/www.ceipmestalla.com\/index.php\/wp-json\/wp\/v2\/pages\/30\/revisions"}],"predecessor-version":[{"id":849,"href":"https:\/\/www.ceipmestalla.com\/index.php\/wp-json\/wp\/v2\/pages\/30\/revisions\/849"}],"wp:attachment":[{"href":"https:\/\/www.ceipmestalla.com\/index.php\/wp-json\/wp\/v2\/media?parent=30"}],"curies":[{"name":"wp","href":"https:\/\/api.w.org\/{rel}","templated":true}]}}