{"id":5,"date":"2021-02-17T14:38:33","date_gmt":"2021-02-17T14:38:33","guid":{"rendered":"https:\/\/www.ceipmestalla.com\/?page_id=5"},"modified":"2025-05-22T16:23:30","modified_gmt":"2025-05-22T14:23:30","slug":"normas-de-funcionamiento","status":"publish","type":"page","link":"https:\/\/www.ceipmestalla.com\/index.php\/normas-de-funcionamiento\/","title":{"rendered":"Informaci\u00f3n \/ Normas"},"content":{"rendered":"\n<p class=\"has-text-color\" style=\"color:#0071a1;font-size:28px\"><strong><span style=\"color:#247ba0\" class=\"has-inline-color\">DEL SERVICIO DE COMEDOR&nbsp;<\/span><\/strong><\/p>\n\n\n\n<p class=\"has-text-align-left has-text-color has-background\" style=\"color:#0071a1;background-color:#efead4;font-size:25px\"><strong>Comensales fijos con domiciliaci\u00f3n bancaria<\/strong><\/p>\n\n\n\n<div class=\"wp-block-media-text alignwide is-stacked-on-mobile\" style=\"grid-template-columns:15% auto\"><figure class=\"wp-block-media-text__media\"><img fetchpriority=\"high\" decoding=\"async\" width=\"275\" height=\"334\" src=\"https:\/\/www.ceipmestalla.com\/wp-content\/uploads\/2021\/03\/cubiertos-dibujo.png\" alt=\"\" class=\"wp-image-814 size-full\" srcset=\"https:\/\/www.ceipmestalla.com\/wp-content\/uploads\/2021\/03\/cubiertos-dibujo.png 275w, https:\/\/www.ceipmestalla.com\/wp-content\/uploads\/2021\/03\/cubiertos-dibujo-247x300.png 247w\" sizes=\"(max-width: 275px) 100vw, 275px\" \/><\/figure><div class=\"wp-block-media-text__content\">\n<p style=\"font-size:18px\">El precio del Men\u00fa durante este curso escolar ser\u00e1 de\u00a0\u00a0<strong>4&#8217;35\u00a0\u20ac por d\u00eda<\/strong>\u00a0de comedor. El precio de la mensualidad vendr\u00e1 fijado por el n\u00famero de d\u00edas lectivos del mes.<\/p>\n<\/div><\/div>\n\n\n\n<p class=\"has-text-align-left has-black-color has-text-color has-background\" style=\"background-color:#f8f6ee;font-size:18px\"> Para ser usuario\/a del comedor, deben cumplimentar la \u00abficha de solicitud\u00bb facilitada en secretar\u00eda con los datos bancarios y autorizar el pago de los recibos en el banco.<br><br>Los recibos ser\u00e1n presentados al cobro en el&nbsp; banco indicado,&nbsp;<strong>en la primera quincena de cada mes.&nbsp;<\/strong><br>Para ser usuario\/a del comedor, deben cumplimentar la \u00abficha de solicitud\u00bb facilitada en secretar\u00eda con los datos bancarios y autorizar el pago de los recibos en el banco. <\/p>\n\n\n\n<p class=\"has-text-color has-background\" style=\"color:#0071a1;background-color:#efead4;font-size:25px\"><\/p>\n\n\n\n<p class=\"has-background\" style=\"background-color:#f8f6ee;font-size:18px\"><\/p>\n\n\n\n<p class=\"has-text-color has-background\" style=\"color:#0071a1;background-color:#efead4;font-size:25px\"><strong> Bajas &#8211; Altas<\/strong><\/p>\n\n\n\n<p class=\"has-background\" style=\"background-color:#f8f6ee;font-size:18px\">&nbsp;&nbsp;&nbsp;&nbsp;&nbsp;En caso de enfermedad deber\u00e1n comunicar la BAJA&nbsp;por escrito&nbsp;o&nbsp;por tel\u00e9fono&nbsp;a primera hora de la jornada escolar.<\/p>\n\n\n\n<p class=\"has-text-color has-background\" style=\"color:#0071a1;background-color:#efead4;font-size:25px\"><strong>Devoluci\u00f3n de BAJAS<\/strong>:<\/p>\n\n\n\n<p class=\"has-background\" style=\"background-color:#f8f6ee;font-size:18px\">S\u00f3lo se tendr\u00e1n en cuenta las Bajas a partir de&nbsp;<strong>tres d\u00edas consecutivos<\/strong>.&nbsp;Se har\u00e1 siempre que se haya justificado la &nbsp;BAJA con anterioridad o ese mismo d\u00eda a las nueve de la ma\u00f1ana.<br><strong>NOTA<\/strong>: &nbsp;S\u00f3lo se devolver\u00e1 el importe correspondiente al men\u00fa. No se puede devolver la parte proporcional del personal del comedor.<\/p>\n\n\n\n<p class=\"has-text-color has-background\" style=\"color:#0071a1;background-color:#efead4;font-size:25px\"><strong>Becas<\/strong><\/p>\n\n\n\n<p class=\"has-background\" style=\"background-color:#f8f6ee;font-size:18px\">Haciendo referencia a la Ley, cada becado\/a pagar\u00e1 mensualmente la diferencia de precio del men\u00fa no asumida por Conselleria.<br><\/p>\n\n\n\n<p class=\"has-text-color has-background\" style=\"color:#0071a1;background-color:#efead4;font-size:25px\"><strong>Excursiones<\/strong><\/p>\n\n\n\n<p class=\"has-background\" style=\"background-color:#f8f6ee;font-size:18px\">En las excursiones organizadas por el colegio a los comensales fijos se les proporcionar\u00e1  picnic.<\/p>\n\n\n\n<p class=\"has-text-color has-background\" style=\"color:#0071a1;background-color:#efead4;font-size:25px\"><strong>Men\u00fa especial o de r\u00e9gimen<\/strong><\/p>\n\n\n\n<p class=\"has-background\" style=\"background-color:#f8f6ee;font-size:18px\">El comedor dispone de un <strong>men\u00fa especial<\/strong> o <strong>men\u00fa de r\u00e9gimen<\/strong> para atender al alumnado que mediante el correspondiente certificado m\u00e9dico, acredite la imposibilidad de ingerir determinados alimentos que perjudiquen su salud.<br><br>Ante una enfermedad transitoria, para que se le pueda dar el&nbsp;<strong>men\u00fa de r\u00e9gimen<\/strong>, deber\u00e1 comunicarlo por escrito a primera hora de la ma\u00f1ana, siguiendo el mismo procedimiento que el utilizado para los tickets.<\/p>\n\n\n\n<p class=\"has-text-color has-background\" style=\"color:#0071a1;background-color:#efead4;font-size:25px\"><strong>Morosidad<\/strong><\/p>\n\n\n\n<p class=\"has-background\" style=\"background-color:#f8f6ee;font-size:17px\">Si un recibo es devuelto, la familia deber\u00e1 ingresar en el plazo de 10 d\u00edas el importe, en caso de no hacerlo se cargar\u00e1 el importe pendiente m\u00e1s el cargo correspondiente al mes en curso en los recibos sucesivos.<br><br>La falta de pago supondr\u00e1:<br>1\u00ba Comunicaci\u00f3n por escrito del impago por la secretaria del Centro.<br>2\u00ba Comunicaci\u00f3n a la Comisi\u00f3n de comedor que, a su vez, lo transmite al Consejo Escolar.<br>3\u00ba Interrupci\u00f3n autom\u00e1tica de la prestaci\u00f3n del servicio de comedor, sancionado por el &nbsp;Consejo Escolar cuando haya reincidencia en la&nbsp; morosidad<br><br>Cuando dos recibos consecutivos sean devueltos, el alumno <strong>causar\u00e1 baja<\/strong> como usuario fijo, pudiendo asistir al comedor como usuario eventual.<\/p>\n\n\n\n<p class=\"has-text-color has-background\" style=\"color:#0071a1;background-color:#efead4;font-size:25px\"><strong>Informaci\u00f3n<\/strong><\/p>\n\n\n\n<p class=\"has-text-align-left has-background\" style=\"background-color:#f8f6ee;font-size:18px\">Mensualmente,\u00a0a trav\u00e9s de la WEB del centro,\u00a0se les comunicar\u00e1 la relaci\u00f3n de men\u00fas facilitada por la empresa del comedor.<br>El alumnado de 1\u00ba de Educaci\u00f3n Infantil recibir\u00e1 un informe de seguimiento. <br>En caso de duda o si tienen\u00a0 alg\u00fan problema\u00a0 deber\u00e1n ponerse en\u00a0 contacto con las\u00a0 personas encargadas del comedor en el horario de atenci\u00f3n a padres\/madres:<br><strong>Directora<\/strong>: Mar\u00eda Jos\u00e9 Salcedo <br><strong>Encargado<\/strong>:\u00a0Javier D\u00edaz<br><strong>Administraci\u00f3n<\/strong>: Victoria Jimenez<\/p>\n\n\n\n<p class=\"has-text-align-left has-background\" style=\"background-color:#f8f6ee;font-size:18px\"><strong>NOTA:<\/strong>&nbsp;&nbsp;Aquellos alumnos\/as que no hayan asistido a clase durante la jornada de&nbsp; la ma\u00f1ana, NO PODR\u00c1N quedarse al comedor, a no ser que previamente lo hayan comunicado y se les haya contabilizado al pasar la lista de comensales.<br>                                            &nbsp;Un Saludo&nbsp;&nbsp;&nbsp;&nbsp;&nbsp;&nbsp;&nbsp;&nbsp;&nbsp;&nbsp;&nbsp;&nbsp;&nbsp;&nbsp;&nbsp;&nbsp;&nbsp;<strong> &nbsp;<em>El Equipo de Comedor<\/em><\/strong><\/p>\n\n\n\n<p><\/p>\n\n\n\n<p><\/p>\n\n\n\n<p><\/p>\n\n\n\n<p><\/p>\n\n\n\n<p><\/p>\n\n\n\n<p><\/p>\n\n\n\n<p><\/p>\n\n\n\n<p><\/p>\n\n\n\n<p><\/p>\n","protected":false},"excerpt":{"rendered":"<p>DEL SERVICIO DE COMEDOR&nbsp; Comensales fijos con domiciliaci\u00f3n bancaria El precio del Men\u00fa durante este curso escolar ser\u00e1 de\u00a0\u00a04&#8217;35\u00a0\u20ac por d\u00eda\u00a0de comedor. El precio de la mensualidad vendr\u00e1 fijado por el n\u00famero de d\u00edas lectivos del mes. Para ser usuario\/a del comedor, deben cumplimentar la \u00abficha de solicitud\u00bb facilitada en secretar\u00eda con los datos bancarios [&hellip;]<\/p>\n","protected":false},"author":2,"featured_media":0,"parent":0,"menu_order":0,"comment_status":"closed","ping_status":"closed","template":"","meta":{"footnotes":""},"class_list":["post-5","page","type-page","status-publish","czr-hentry"],"yoast_head":"<!-- This site is optimized with the Yoast SEO plugin v25.7 - https:\/\/yoast.com\/wordpress\/plugins\/seo\/ -->\n<title>Informaci\u00f3n \/ Normas - Ceip Mestalla<\/title>\n<meta name=\"robots\" content=\"index, follow, max-snippet:-1, max-image-preview:large, max-video-preview:-1\" \/>\n<link rel=\"canonical\" href=\"https:\/\/www.ceipmestalla.com\/index.php\/normas-de-funcionamiento\/\" \/>\n<meta property=\"og:locale\" content=\"es_ES\" \/>\n<meta property=\"og:type\" content=\"article\" \/>\n<meta property=\"og:title\" content=\"Informaci\u00f3n \/ Normas - Ceip Mestalla\" \/>\n<meta property=\"og:description\" content=\"DEL SERVICIO DE COMEDOR&nbsp; Comensales fijos con domiciliaci\u00f3n bancaria El precio del Men\u00fa durante este curso escolar ser\u00e1 de\u00a0\u00a04&#8217;35\u00a0\u20ac por d\u00eda\u00a0de comedor. El precio de la mensualidad vendr\u00e1 fijado por el n\u00famero de d\u00edas lectivos del mes. Para ser usuario\/a del comedor, deben cumplimentar la \u00abficha de solicitud\u00bb facilitada en secretar\u00eda con los datos bancarios [&hellip;]\" \/>\n<meta property=\"og:url\" content=\"https:\/\/www.ceipmestalla.com\/index.php\/normas-de-funcionamiento\/\" \/>\n<meta property=\"og:site_name\" content=\"Ceip Mestalla\" \/>\n<meta property=\"article:modified_time\" content=\"2025-05-22T14:23:30+00:00\" \/>\n<meta property=\"og:image\" content=\"https:\/\/www.ceipmestalla.com\/wp-content\/uploads\/2021\/03\/cubiertos-dibujo.png\" \/>\n<meta name=\"twitter:card\" content=\"summary_large_image\" \/>\n<meta name=\"twitter:site\" content=\"@emestalla\" \/>\n<meta name=\"twitter:label1\" content=\"Tiempo de lectura\" \/>\n\t<meta name=\"twitter:data1\" content=\"3 minutos\" \/>\n<script type=\"application\/ld+json\" class=\"yoast-schema-graph\">{\"@context\":\"https:\/\/schema.org\",\"@graph\":[{\"@type\":\"WebPage\",\"@id\":\"https:\/\/www.ceipmestalla.com\/index.php\/normas-de-funcionamiento\/\",\"url\":\"https:\/\/www.ceipmestalla.com\/index.php\/normas-de-funcionamiento\/\",\"name\":\"Informaci\u00f3n \/ Normas - Ceip Mestalla\",\"isPartOf\":{\"@id\":\"https:\/\/www.ceipmestalla.com\/#website\"},\"primaryImageOfPage\":{\"@id\":\"https:\/\/www.ceipmestalla.com\/index.php\/normas-de-funcionamiento\/#primaryimage\"},\"image\":{\"@id\":\"https:\/\/www.ceipmestalla.com\/index.php\/normas-de-funcionamiento\/#primaryimage\"},\"thumbnailUrl\":\"https:\/\/www.ceipmestalla.com\/wp-content\/uploads\/2021\/03\/cubiertos-dibujo.png\",\"datePublished\":\"2021-02-17T14:38:33+00:00\",\"dateModified\":\"2025-05-22T14:23:30+00:00\",\"breadcrumb\":{\"@id\":\"https:\/\/www.ceipmestalla.com\/index.php\/normas-de-funcionamiento\/#breadcrumb\"},\"inLanguage\":\"es\",\"potentialAction\":[{\"@type\":\"ReadAction\",\"target\":[\"https:\/\/www.ceipmestalla.com\/index.php\/normas-de-funcionamiento\/\"]}]},{\"@type\":\"ImageObject\",\"inLanguage\":\"es\",\"@id\":\"https:\/\/www.ceipmestalla.com\/index.php\/normas-de-funcionamiento\/#primaryimage\",\"url\":\"https:\/\/www.ceipmestalla.com\/wp-content\/uploads\/2021\/03\/cubiertos-dibujo.png\",\"contentUrl\":\"https:\/\/www.ceipmestalla.com\/wp-content\/uploads\/2021\/03\/cubiertos-dibujo.png\",\"width\":275,\"height\":334},{\"@type\":\"BreadcrumbList\",\"@id\":\"https:\/\/www.ceipmestalla.com\/index.php\/normas-de-funcionamiento\/#breadcrumb\",\"itemListElement\":[{\"@type\":\"ListItem\",\"position\":1,\"name\":\"Portada\",\"item\":\"https:\/\/www.ceipmestalla.com\/\"},{\"@type\":\"ListItem\",\"position\":2,\"name\":\"Informaci\u00f3n \/ Normas\"}]},{\"@type\":\"WebSite\",\"@id\":\"https:\/\/www.ceipmestalla.com\/#website\",\"url\":\"https:\/\/www.ceipmestalla.com\/\",\"name\":\"Ceip Mestalla\",\"description\":\"\",\"publisher\":{\"@id\":\"https:\/\/www.ceipmestalla.com\/#organization\"},\"potentialAction\":[{\"@type\":\"SearchAction\",\"target\":{\"@type\":\"EntryPoint\",\"urlTemplate\":\"https:\/\/www.ceipmestalla.com\/?s={search_term_string}\"},\"query-input\":{\"@type\":\"PropertyValueSpecification\",\"valueRequired\":true,\"valueName\":\"search_term_string\"}}],\"inLanguage\":\"es\"},{\"@type\":\"Organization\",\"@id\":\"https:\/\/www.ceipmestalla.com\/#organization\",\"name\":\"Ceip Mestalla\",\"url\":\"https:\/\/www.ceipmestalla.com\/\",\"logo\":{\"@type\":\"ImageObject\",\"inLanguage\":\"es\",\"@id\":\"https:\/\/www.ceipmestalla.com\/#\/schema\/logo\/image\/\",\"url\":\"https:\/\/www.ceipmestalla.com\/wp-content\/uploads\/2021\/02\/cropped-cropped-cropped-cropped-LOGO_Mestalla-1-e1614470494422.png\",\"contentUrl\":\"https:\/\/www.ceipmestalla.com\/wp-content\/uploads\/2021\/02\/cropped-cropped-cropped-cropped-LOGO_Mestalla-1-e1614470494422.png\",\"width\":500,\"height\":191,\"caption\":\"Ceip Mestalla\"},\"image\":{\"@id\":\"https:\/\/www.ceipmestalla.com\/#\/schema\/logo\/image\/\"},\"sameAs\":[\"https:\/\/x.com\/emestalla\",\"https:\/\/www.instagram.com\/colegiomestalla\"]}]}<\/script>\n<!-- \/ Yoast SEO plugin. -->","yoast_head_json":{"title":"Informaci\u00f3n \/ Normas - Ceip Mestalla","robots":{"index":"index","follow":"follow","max-snippet":"max-snippet:-1","max-image-preview":"max-image-preview:large","max-video-preview":"max-video-preview:-1"},"canonical":"https:\/\/www.ceipmestalla.com\/index.php\/normas-de-funcionamiento\/","og_locale":"es_ES","og_type":"article","og_title":"Informaci\u00f3n \/ Normas - Ceip Mestalla","og_description":"DEL SERVICIO DE COMEDOR&nbsp; Comensales fijos con domiciliaci\u00f3n bancaria El precio del Men\u00fa durante este curso escolar ser\u00e1 de\u00a0\u00a04&#8217;35\u00a0\u20ac por d\u00eda\u00a0de comedor. El precio de la mensualidad vendr\u00e1 fijado por el n\u00famero de d\u00edas lectivos del mes. Para ser usuario\/a del comedor, deben cumplimentar la \u00abficha de solicitud\u00bb facilitada en secretar\u00eda con los datos bancarios [&hellip;]","og_url":"https:\/\/www.ceipmestalla.com\/index.php\/normas-de-funcionamiento\/","og_site_name":"Ceip Mestalla","article_modified_time":"2025-05-22T14:23:30+00:00","og_image":[{"url":"https:\/\/www.ceipmestalla.com\/wp-content\/uploads\/2021\/03\/cubiertos-dibujo.png","type":"","width":"","height":""}],"twitter_card":"summary_large_image","twitter_site":"@emestalla","twitter_misc":{"Tiempo de lectura":"3 minutos"},"schema":{"@context":"https:\/\/schema.org","@graph":[{"@type":"WebPage","@id":"https:\/\/www.ceipmestalla.com\/index.php\/normas-de-funcionamiento\/","url":"https:\/\/www.ceipmestalla.com\/index.php\/normas-de-funcionamiento\/","name":"Informaci\u00f3n \/ Normas - Ceip Mestalla","isPartOf":{"@id":"https:\/\/www.ceipmestalla.com\/#website"},"primaryImageOfPage":{"@id":"https:\/\/www.ceipmestalla.com\/index.php\/normas-de-funcionamiento\/#primaryimage"},"image":{"@id":"https:\/\/www.ceipmestalla.com\/index.php\/normas-de-funcionamiento\/#primaryimage"},"thumbnailUrl":"https:\/\/www.ceipmestalla.com\/wp-content\/uploads\/2021\/03\/cubiertos-dibujo.png","datePublished":"2021-02-17T14:38:33+00:00","dateModified":"2025-05-22T14:23:30+00:00","breadcrumb":{"@id":"https:\/\/www.ceipmestalla.com\/index.php\/normas-de-funcionamiento\/#breadcrumb"},"inLanguage":"es","potentialAction":[{"@type":"ReadAction","target":["https:\/\/www.ceipmestalla.com\/index.php\/normas-de-funcionamiento\/"]}]},{"@type":"ImageObject","inLanguage":"es","@id":"https:\/\/www.ceipmestalla.com\/index.php\/normas-de-funcionamiento\/#primaryimage","url":"https:\/\/www.ceipmestalla.com\/wp-content\/uploads\/2021\/03\/cubiertos-dibujo.png","contentUrl":"https:\/\/www.ceipmestalla.com\/wp-content\/uploads\/2021\/03\/cubiertos-dibujo.png","width":275,"height":334},{"@type":"BreadcrumbList","@id":"https:\/\/www.ceipmestalla.com\/index.php\/normas-de-funcionamiento\/#breadcrumb","itemListElement":[{"@type":"ListItem","position":1,"name":"Portada","item":"https:\/\/www.ceipmestalla.com\/"},{"@type":"ListItem","position":2,"name":"Informaci\u00f3n \/ Normas"}]},{"@type":"WebSite","@id":"https:\/\/www.ceipmestalla.com\/#website","url":"https:\/\/www.ceipmestalla.com\/","name":"Ceip Mestalla","description":"","publisher":{"@id":"https:\/\/www.ceipmestalla.com\/#organization"},"potentialAction":[{"@type":"SearchAction","target":{"@type":"EntryPoint","urlTemplate":"https:\/\/www.ceipmestalla.com\/?s={search_term_string}"},"query-input":{"@type":"PropertyValueSpecification","valueRequired":true,"valueName":"search_term_string"}}],"inLanguage":"es"},{"@type":"Organization","@id":"https:\/\/www.ceipmestalla.com\/#organization","name":"Ceip Mestalla","url":"https:\/\/www.ceipmestalla.com\/","logo":{"@type":"ImageObject","inLanguage":"es","@id":"https:\/\/www.ceipmestalla.com\/#\/schema\/logo\/image\/","url":"https:\/\/www.ceipmestalla.com\/wp-content\/uploads\/2021\/02\/cropped-cropped-cropped-cropped-LOGO_Mestalla-1-e1614470494422.png","contentUrl":"https:\/\/www.ceipmestalla.com\/wp-content\/uploads\/2021\/02\/cropped-cropped-cropped-cropped-LOGO_Mestalla-1-e1614470494422.png","width":500,"height":191,"caption":"Ceip Mestalla"},"image":{"@id":"https:\/\/www.ceipmestalla.com\/#\/schema\/logo\/image\/"},"sameAs":["https:\/\/x.com\/emestalla","https:\/\/www.instagram.com\/colegiomestalla"]}]}},"_links":{"self":[{"href":"https:\/\/www.ceipmestalla.com\/index.php\/wp-json\/wp\/v2\/pages\/5","targetHints":{"allow":["GET"]}}],"collection":[{"href":"https:\/\/www.ceipmestalla.com\/index.php\/wp-json\/wp\/v2\/pages"}],"about":[{"href":"https:\/\/www.ceipmestalla.com\/index.php\/wp-json\/wp\/v2\/types\/page"}],"author":[{"embeddable":true,"href":"https:\/\/www.ceipmestalla.com\/index.php\/wp-json\/wp\/v2\/users\/2"}],"replies":[{"embeddable":true,"href":"https:\/\/www.ceipmestalla.com\/index.php\/wp-json\/wp\/v2\/comments?post=5"}],"version-history":[{"count":19,"href":"https:\/\/www.ceipmestalla.com\/index.php\/wp-json\/wp\/v2\/pages\/5\/revisions"}],"predecessor-version":[{"id":3319,"href":"https:\/\/www.ceipmestalla.com\/index.php\/wp-json\/wp\/v2\/pages\/5\/revisions\/3319"}],"wp:attachment":[{"href":"https:\/\/www.ceipmestalla.com\/index.php\/wp-json\/wp\/v2\/media?parent=5"}],"curies":[{"name":"wp","href":"https:\/\/api.w.org\/{rel}","templated":true}]}}