{"id":517,"date":"2021-02-28T17:03:05","date_gmt":"2021-02-28T17:03:05","guid":{"rendered":"https:\/\/www.ceipmestalla.com\/?page_id=517"},"modified":"2024-05-08T17:39:26","modified_gmt":"2024-05-08T15:39:26","slug":"matricula-curso-2021-22-2","status":"publish","type":"page","link":"https:\/\/www.ceipmestalla.com\/index.php\/matricula-curso-2021-22-2\/","title":{"rendered":"Matr\u00edcula"},"content":{"rendered":"\n<p class=\"has-vivid-red-color has-text-color has-link-color has-x-large-font-size wp-elements-9364e21a541cce2b7a48009df49dab29\"><strong>P\u00c1GINA EN REVISI\u00d3N<\/strong><\/p>\n\n\n\n<p class=\"has-large-font-size\"><strong>ACCESO AL V\u00cdDEO TUTORIAL PARA LA MATR\u00cdCULA <\/strong><\/p>\n\n\n\n<p class=\"has-large-font-size\"><strong>TELEM\u00c1TICA DEL CURSO 2023-2024.<\/strong> <\/p>\n\n\n\n<p class=\"has-large-font-size\"><a href=\"https:\/\/www.youtube.com\/watch?v=eEP3DWS4RpU\" target=\"_blank\" rel=\"noreferrer noopener\">Pr\u00e9mer ac\u00ed videotutorial en VALENCI\u00c0<\/a><\/p>\n\n\n\n<p class=\"has-large-font-size\"><a href=\"https:\/\/youtu.be\/M3we0cx-0-E\" target=\"_blank\" rel=\"noreferrer noopener\">Pulsar aqu\u00ed videotutorial en CASTELLANO<\/a><\/p>\n\n\n\n<p><\/p>\n\n\n\n<figure class=\"wp-block-image size-large\"><img fetchpriority=\"high\" decoding=\"async\" width=\"1024\" height=\"529\" src=\"https:\/\/www.ceipmestalla.com\/wp-content\/uploads\/2022\/06\/Screenshot-at-2022-06-02-102717-1-1024x529.png\" alt=\"\" class=\"wp-image-2604\" srcset=\"https:\/\/www.ceipmestalla.com\/wp-content\/uploads\/2022\/06\/Screenshot-at-2022-06-02-102717-1-1024x529.png 1024w, https:\/\/www.ceipmestalla.com\/wp-content\/uploads\/2022\/06\/Screenshot-at-2022-06-02-102717-1-300x155.png 300w, https:\/\/www.ceipmestalla.com\/wp-content\/uploads\/2022\/06\/Screenshot-at-2022-06-02-102717-1-768x397.png 768w, https:\/\/www.ceipmestalla.com\/wp-content\/uploads\/2022\/06\/Screenshot-at-2022-06-02-102717-1-570x294.png 570w, https:\/\/www.ceipmestalla.com\/wp-content\/uploads\/2022\/06\/Screenshot-at-2022-06-02-102717-1.png 1264w\" sizes=\"(max-width: 1024px) 100vw, 1024px\" \/><\/figure>\n\n\n\n<div class=\"wp-block-media-text alignwide is-stacked-on-mobile\"><figure class=\"wp-block-media-text__media\"><\/figure><div class=\"wp-block-media-text__content\">\n<p class=\"has-large-font-size\"><\/p>\n<\/div><\/div>\n","protected":false},"excerpt":{"rendered":"<p>P\u00c1GINA EN REVISI\u00d3N ACCESO AL V\u00cdDEO TUTORIAL PARA LA MATR\u00cdCULA TELEM\u00c1TICA DEL CURSO 2023-2024. Pr\u00e9mer ac\u00ed videotutorial en VALENCI\u00c0 Pulsar aqu\u00ed videotutorial en CASTELLANO<\/p>\n","protected":false},"author":1,"featured_media":0,"parent":0,"menu_order":0,"comment_status":"closed","ping_status":"closed","template":"","meta":{"footnotes":""},"class_list":["post-517","page","type-page","status-publish","czr-hentry"],"yoast_head":"<!-- This site is optimized with the Yoast SEO plugin v25.7 - https:\/\/yoast.com\/wordpress\/plugins\/seo\/ -->\n<title>Matr\u00edcula - Ceip Mestalla<\/title>\n<meta name=\"robots\" content=\"index, follow, max-snippet:-1, max-image-preview:large, max-video-preview:-1\" \/>\n<link rel=\"canonical\" href=\"https:\/\/www.ceipmestalla.com\/index.php\/matricula-curso-2021-22-2\/\" \/>\n<meta property=\"og:locale\" content=\"es_ES\" \/>\n<meta property=\"og:type\" content=\"article\" \/>\n<meta property=\"og:title\" content=\"Matr\u00edcula - Ceip Mestalla\" \/>\n<meta property=\"og:description\" content=\"P\u00c1GINA EN REVISI\u00d3N ACCESO AL V\u00cdDEO TUTORIAL PARA LA MATR\u00cdCULA TELEM\u00c1TICA DEL CURSO 2023-2024. Pr\u00e9mer ac\u00ed videotutorial en VALENCI\u00c0 Pulsar aqu\u00ed videotutorial en CASTELLANO\" \/>\n<meta property=\"og:url\" content=\"https:\/\/www.ceipmestalla.com\/index.php\/matricula-curso-2021-22-2\/\" \/>\n<meta property=\"og:site_name\" content=\"Ceip Mestalla\" \/>\n<meta property=\"article:modified_time\" content=\"2024-05-08T15:39:26+00:00\" \/>\n<meta property=\"og:image\" content=\"https:\/\/www.ceipmestalla.com\/wp-content\/uploads\/2022\/06\/Screenshot-at-2022-06-02-102717-1-1024x529.png\" \/>\n<meta name=\"twitter:card\" content=\"summary_large_image\" \/>\n<meta name=\"twitter:site\" content=\"@emestalla\" \/>\n<meta name=\"twitter:label1\" content=\"Tiempo de lectura\" \/>\n\t<meta name=\"twitter:data1\" content=\"1 minuto\" \/>\n<script type=\"application\/ld+json\" class=\"yoast-schema-graph\">{\"@context\":\"https:\/\/schema.org\",\"@graph\":[{\"@type\":\"WebPage\",\"@id\":\"https:\/\/www.ceipmestalla.com\/index.php\/matricula-curso-2021-22-2\/\",\"url\":\"https:\/\/www.ceipmestalla.com\/index.php\/matricula-curso-2021-22-2\/\",\"name\":\"Matr\u00edcula - Ceip Mestalla\",\"isPartOf\":{\"@id\":\"https:\/\/www.ceipmestalla.com\/#website\"},\"primaryImageOfPage\":{\"@id\":\"https:\/\/www.ceipmestalla.com\/index.php\/matricula-curso-2021-22-2\/#primaryimage\"},\"image\":{\"@id\":\"https:\/\/www.ceipmestalla.com\/index.php\/matricula-curso-2021-22-2\/#primaryimage\"},\"thumbnailUrl\":\"https:\/\/www.ceipmestalla.com\/wp-content\/uploads\/2022\/06\/Screenshot-at-2022-06-02-102717-1-1024x529.png\",\"datePublished\":\"2021-02-28T17:03:05+00:00\",\"dateModified\":\"2024-05-08T15:39:26+00:00\",\"breadcrumb\":{\"@id\":\"https:\/\/www.ceipmestalla.com\/index.php\/matricula-curso-2021-22-2\/#breadcrumb\"},\"inLanguage\":\"es\",\"potentialAction\":[{\"@type\":\"ReadAction\",\"target\":[\"https:\/\/www.ceipmestalla.com\/index.php\/matricula-curso-2021-22-2\/\"]}]},{\"@type\":\"ImageObject\",\"inLanguage\":\"es\",\"@id\":\"https:\/\/www.ceipmestalla.com\/index.php\/matricula-curso-2021-22-2\/#primaryimage\",\"url\":\"https:\/\/www.ceipmestalla.com\/wp-content\/uploads\/2022\/06\/Screenshot-at-2022-06-02-102717-1.png\",\"contentUrl\":\"https:\/\/www.ceipmestalla.com\/wp-content\/uploads\/2022\/06\/Screenshot-at-2022-06-02-102717-1.png\",\"width\":1264,\"height\":653},{\"@type\":\"BreadcrumbList\",\"@id\":\"https:\/\/www.ceipmestalla.com\/index.php\/matricula-curso-2021-22-2\/#breadcrumb\",\"itemListElement\":[{\"@type\":\"ListItem\",\"position\":1,\"name\":\"Portada\",\"item\":\"https:\/\/www.ceipmestalla.com\/\"},{\"@type\":\"ListItem\",\"position\":2,\"name\":\"Matr\u00edcula\"}]},{\"@type\":\"WebSite\",\"@id\":\"https:\/\/www.ceipmestalla.com\/#website\",\"url\":\"https:\/\/www.ceipmestalla.com\/\",\"name\":\"Ceip Mestalla\",\"description\":\"\",\"publisher\":{\"@id\":\"https:\/\/www.ceipmestalla.com\/#organization\"},\"potentialAction\":[{\"@type\":\"SearchAction\",\"target\":{\"@type\":\"EntryPoint\",\"urlTemplate\":\"https:\/\/www.ceipmestalla.com\/?s={search_term_string}\"},\"query-input\":{\"@type\":\"PropertyValueSpecification\",\"valueRequired\":true,\"valueName\":\"search_term_string\"}}],\"inLanguage\":\"es\"},{\"@type\":\"Organization\",\"@id\":\"https:\/\/www.ceipmestalla.com\/#organization\",\"name\":\"Ceip Mestalla\",\"url\":\"https:\/\/www.ceipmestalla.com\/\",\"logo\":{\"@type\":\"ImageObject\",\"inLanguage\":\"es\",\"@id\":\"https:\/\/www.ceipmestalla.com\/#\/schema\/logo\/image\/\",\"url\":\"https:\/\/www.ceipmestalla.com\/wp-content\/uploads\/2021\/02\/cropped-cropped-cropped-cropped-LOGO_Mestalla-1-e1614470494422.png\",\"contentUrl\":\"https:\/\/www.ceipmestalla.com\/wp-content\/uploads\/2021\/02\/cropped-cropped-cropped-cropped-LOGO_Mestalla-1-e1614470494422.png\",\"width\":500,\"height\":191,\"caption\":\"Ceip Mestalla\"},\"image\":{\"@id\":\"https:\/\/www.ceipmestalla.com\/#\/schema\/logo\/image\/\"},\"sameAs\":[\"https:\/\/x.com\/emestalla\",\"https:\/\/www.instagram.com\/colegiomestalla\"]}]}<\/script>\n<!-- \/ Yoast SEO plugin. -->","yoast_head_json":{"title":"Matr\u00edcula - Ceip Mestalla","robots":{"index":"index","follow":"follow","max-snippet":"max-snippet:-1","max-image-preview":"max-image-preview:large","max-video-preview":"max-video-preview:-1"},"canonical":"https:\/\/www.ceipmestalla.com\/index.php\/matricula-curso-2021-22-2\/","og_locale":"es_ES","og_type":"article","og_title":"Matr\u00edcula - Ceip Mestalla","og_description":"P\u00c1GINA EN REVISI\u00d3N ACCESO AL V\u00cdDEO TUTORIAL PARA LA MATR\u00cdCULA TELEM\u00c1TICA DEL CURSO 2023-2024. Pr\u00e9mer ac\u00ed videotutorial en VALENCI\u00c0 Pulsar aqu\u00ed videotutorial en CASTELLANO","og_url":"https:\/\/www.ceipmestalla.com\/index.php\/matricula-curso-2021-22-2\/","og_site_name":"Ceip Mestalla","article_modified_time":"2024-05-08T15:39:26+00:00","og_image":[{"url":"https:\/\/www.ceipmestalla.com\/wp-content\/uploads\/2022\/06\/Screenshot-at-2022-06-02-102717-1-1024x529.png","type":"","width":"","height":""}],"twitter_card":"summary_large_image","twitter_site":"@emestalla","twitter_misc":{"Tiempo de lectura":"1 minuto"},"schema":{"@context":"https:\/\/schema.org","@graph":[{"@type":"WebPage","@id":"https:\/\/www.ceipmestalla.com\/index.php\/matricula-curso-2021-22-2\/","url":"https:\/\/www.ceipmestalla.com\/index.php\/matricula-curso-2021-22-2\/","name":"Matr\u00edcula - Ceip Mestalla","isPartOf":{"@id":"https:\/\/www.ceipmestalla.com\/#website"},"primaryImageOfPage":{"@id":"https:\/\/www.ceipmestalla.com\/index.php\/matricula-curso-2021-22-2\/#primaryimage"},"image":{"@id":"https:\/\/www.ceipmestalla.com\/index.php\/matricula-curso-2021-22-2\/#primaryimage"},"thumbnailUrl":"https:\/\/www.ceipmestalla.com\/wp-content\/uploads\/2022\/06\/Screenshot-at-2022-06-02-102717-1-1024x529.png","datePublished":"2021-02-28T17:03:05+00:00","dateModified":"2024-05-08T15:39:26+00:00","breadcrumb":{"@id":"https:\/\/www.ceipmestalla.com\/index.php\/matricula-curso-2021-22-2\/#breadcrumb"},"inLanguage":"es","potentialAction":[{"@type":"ReadAction","target":["https:\/\/www.ceipmestalla.com\/index.php\/matricula-curso-2021-22-2\/"]}]},{"@type":"ImageObject","inLanguage":"es","@id":"https:\/\/www.ceipmestalla.com\/index.php\/matricula-curso-2021-22-2\/#primaryimage","url":"https:\/\/www.ceipmestalla.com\/wp-content\/uploads\/2022\/06\/Screenshot-at-2022-06-02-102717-1.png","contentUrl":"https:\/\/www.ceipmestalla.com\/wp-content\/uploads\/2022\/06\/Screenshot-at-2022-06-02-102717-1.png","width":1264,"height":653},{"@type":"BreadcrumbList","@id":"https:\/\/www.ceipmestalla.com\/index.php\/matricula-curso-2021-22-2\/#breadcrumb","itemListElement":[{"@type":"ListItem","position":1,"name":"Portada","item":"https:\/\/www.ceipmestalla.com\/"},{"@type":"ListItem","position":2,"name":"Matr\u00edcula"}]},{"@type":"WebSite","@id":"https:\/\/www.ceipmestalla.com\/#website","url":"https:\/\/www.ceipmestalla.com\/","name":"Ceip Mestalla","description":"","publisher":{"@id":"https:\/\/www.ceipmestalla.com\/#organization"},"potentialAction":[{"@type":"SearchAction","target":{"@type":"EntryPoint","urlTemplate":"https:\/\/www.ceipmestalla.com\/?s={search_term_string}"},"query-input":{"@type":"PropertyValueSpecification","valueRequired":true,"valueName":"search_term_string"}}],"inLanguage":"es"},{"@type":"Organization","@id":"https:\/\/www.ceipmestalla.com\/#organization","name":"Ceip Mestalla","url":"https:\/\/www.ceipmestalla.com\/","logo":{"@type":"ImageObject","inLanguage":"es","@id":"https:\/\/www.ceipmestalla.com\/#\/schema\/logo\/image\/","url":"https:\/\/www.ceipmestalla.com\/wp-content\/uploads\/2021\/02\/cropped-cropped-cropped-cropped-LOGO_Mestalla-1-e1614470494422.png","contentUrl":"https:\/\/www.ceipmestalla.com\/wp-content\/uploads\/2021\/02\/cropped-cropped-cropped-cropped-LOGO_Mestalla-1-e1614470494422.png","width":500,"height":191,"caption":"Ceip Mestalla"},"image":{"@id":"https:\/\/www.ceipmestalla.com\/#\/schema\/logo\/image\/"},"sameAs":["https:\/\/x.com\/emestalla","https:\/\/www.instagram.com\/colegiomestalla"]}]}},"_links":{"self":[{"href":"https:\/\/www.ceipmestalla.com\/index.php\/wp-json\/wp\/v2\/pages\/517","targetHints":{"allow":["GET"]}}],"collection":[{"href":"https:\/\/www.ceipmestalla.com\/index.php\/wp-json\/wp\/v2\/pages"}],"about":[{"href":"https:\/\/www.ceipmestalla.com\/index.php\/wp-json\/wp\/v2\/types\/page"}],"author":[{"embeddable":true,"href":"https:\/\/www.ceipmestalla.com\/index.php\/wp-json\/wp\/v2\/users\/1"}],"replies":[{"embeddable":true,"href":"https:\/\/www.ceipmestalla.com\/index.php\/wp-json\/wp\/v2\/comments?post=517"}],"version-history":[{"count":19,"href":"https:\/\/www.ceipmestalla.com\/index.php\/wp-json\/wp\/v2\/pages\/517\/revisions"}],"predecessor-version":[{"id":3029,"href":"https:\/\/www.ceipmestalla.com\/index.php\/wp-json\/wp\/v2\/pages\/517\/revisions\/3029"}],"wp:attachment":[{"href":"https:\/\/www.ceipmestalla.com\/index.php\/wp-json\/wp\/v2\/media?parent=517"}],"curies":[{"name":"wp","href":"https:\/\/api.w.org\/{rel}","templated":true}]}}