{"id":71,"date":"2021-02-23T21:54:54","date_gmt":"2021-02-23T21:54:54","guid":{"rendered":"https:\/\/www.ceipmestalla.com\/?page_id=71"},"modified":"2026-04-15T12:04:34","modified_gmt":"2026-04-15T10:04:34","slug":"horario-secretaria","status":"publish","type":"page","link":"https:\/\/www.ceipmestalla.com\/index.php\/horario-secretaria\/","title":{"rendered":"Horario secretaria"},"content":{"rendered":"\n<div class=\"wp-block-columns is-layout-flex wp-container-core-columns-is-layout-9d6595d7 wp-block-columns-is-layout-flex\">\n<div class=\"wp-block-column is-layout-flow wp-block-column-is-layout-flow\" style=\"flex-basis:25%\">\n<figure class=\"wp-block-image size-large\"><img fetchpriority=\"high\" decoding=\"async\" width=\"300\" height=\"300\" src=\"https:\/\/www.ceipmestalla.com\/wp-content\/uploads\/2021\/03\/Social-media-customer-service.jpg\" alt=\"\" class=\"wp-image-1456\" srcset=\"https:\/\/www.ceipmestalla.com\/wp-content\/uploads\/2021\/03\/Social-media-customer-service.jpg 300w, https:\/\/www.ceipmestalla.com\/wp-content\/uploads\/2021\/03\/Social-media-customer-service-150x150.jpg 150w\" sizes=\"(max-width: 300px) 100vw, 300px\" \/><\/figure>\n<\/div>\n\n\n\n<div class=\"wp-block-column is-layout-flow wp-block-column-is-layout-flow\" style=\"flex-basis:50%\">\n<p>La&nbsp;<strong>Secretar\u00eda<\/strong>&nbsp;es el departamento encargado de gestionar todos aspectos acad\u00e9micos y educativos relacionados con los alumnos del centro.<br>Es el departamento que se encarga del control y actualizaci\u00f3n de los expedientes acad\u00e9micos, organizaci\u00f3n del proceso de admisi\u00f3n, la gesti\u00f3n de matr\u00edculas, becas y ayudas, solicitud de t\u00edtulos, certificados&#8230;,<br>Tambi\u00e9n lleva a cabo la gesti\u00f3n econ\u00f3mica del centro, manteniendo las relaciones del Colegio con padres, personal del Centro, Conselleria de Educaci\u00f3n y proveedores de bienes y servicios.<br>Los padres de alumnos pueden realizar, entre otras, las siguientes gestiones:<br>&#8211; Altas y bajas de Comedor<br>&#8211; Emisi\u00f3n de recibos y cobros<br>&#8211; Emisi\u00f3n de certificados<\/p>\n<\/div>\n\n\n\n<div class=\"wp-block-column is-layout-flow wp-block-column-is-layout-flow\" style=\"flex-basis:25%\">\n<p>Horario de atenci\u00f3n al p\u00fablico:<br>Martes, Mi\u00e9rcoles y Jueves<br>de 9:10 a 10:00 h\u00a0 de la ma\u00f1ana<\/p>\n\n\n\n<figure class=\"wp-block-image size-large\"><img decoding=\"async\" width=\"225\" height=\"225\" src=\"https:\/\/www.ceipmestalla.com\/wp-content\/uploads\/2021\/03\/image.png\" alt=\"Icono de auricular de tel\u00e9fono azul - Descargar PNG\/SVG transparente\" class=\"wp-image-1457\" srcset=\"https:\/\/www.ceipmestalla.com\/wp-content\/uploads\/2021\/03\/image.png 225w, https:\/\/www.ceipmestalla.com\/wp-content\/uploads\/2021\/03\/image-150x150.png 150w\" sizes=\"(max-width: 225px) 100vw, 225px\" \/><\/figure>\n\n\n\n<p style=\"font-size:28px\">962 566 680<\/p>\n<\/div>\n<\/div>\n\n\n\n<p><img decoding=\"async\" width=\"150\" height=\"150\" class=\"wp-image-1458\" style=\"width: 150px;\" src=\"https:\/\/www.ceipmestalla.com\/wp-content\/uploads\/2021\/03\/CorreoArroba.jpg\" alt=\"\" srcset=\"https:\/\/www.ceipmestalla.com\/wp-content\/uploads\/2021\/03\/CorreoArroba.jpg 346w, https:\/\/www.ceipmestalla.com\/wp-content\/uploads\/2021\/03\/CorreoArroba-300x300.jpg 300w, https:\/\/www.ceipmestalla.com\/wp-content\/uploads\/2021\/03\/CorreoArroba-150x150.jpg 150w\" sizes=\"(max-width: 150px) 100vw, 150px\" \/>Para cualquier gesti\u00f3n o consulta que necesiten de esta oficina tienen a su disposici\u00f3n la siguiente direcci\u00f3n de correo <a href=\"mailto:46019866@gva.es\" target=\"_blank\" rel=\"noreferrer noopener\">46019866@edu.gva.es<\/a> y a trav\u00e9s de <a data-type=\"URL\" data-id=\"https:\/\/familia.edu.gva.es\/wf-front\/myitaca\/login_wf?idioma=C\" href=\"https:\/\/familia.edu.gva.es\/wf-front\/myitaca\/login_wf?idioma=C\" target=\"_blank\" rel=\"noreferrer noopener\"><em>web familia<\/em> 2.0<\/a><\/p>\n\n\n\n<p><\/p>\n","protected":false},"excerpt":{"rendered":"<p>La&nbsp;Secretar\u00eda&nbsp;es el departamento encargado de gestionar todos aspectos acad\u00e9micos y educativos relacionados con los alumnos del centro.Es el departamento que se encarga del control y actualizaci\u00f3n de los expedientes acad\u00e9micos, organizaci\u00f3n del proceso de admisi\u00f3n, la gesti\u00f3n de matr\u00edculas, becas y ayudas, solicitud de t\u00edtulos, certificados&#8230;,Tambi\u00e9n lleva a cabo la gesti\u00f3n econ\u00f3mica del centro, manteniendo [&hellip;]<\/p>\n","protected":false},"author":2,"featured_media":0,"parent":0,"menu_order":0,"comment_status":"closed","ping_status":"closed","template":"","meta":{"footnotes":""},"class_list":["post-71","page","type-page","status-publish","czr-hentry"],"yoast_head":"<!-- This site is optimized with the Yoast SEO plugin v25.7 - https:\/\/yoast.com\/wordpress\/plugins\/seo\/ -->\n<title>Horario secretaria - Ceip Mestalla<\/title>\n<meta name=\"robots\" content=\"index, follow, max-snippet:-1, max-image-preview:large, max-video-preview:-1\" \/>\n<link rel=\"canonical\" href=\"https:\/\/www.ceipmestalla.com\/index.php\/horario-secretaria\/\" \/>\n<meta property=\"og:locale\" content=\"es_ES\" \/>\n<meta property=\"og:type\" content=\"article\" \/>\n<meta property=\"og:title\" content=\"Horario secretaria - Ceip Mestalla\" \/>\n<meta property=\"og:description\" content=\"La&nbsp;Secretar\u00eda&nbsp;es el departamento encargado de gestionar todos aspectos acad\u00e9micos y educativos relacionados con los alumnos del centro.Es el departamento que se encarga del control y actualizaci\u00f3n de los expedientes acad\u00e9micos, organizaci\u00f3n del proceso de admisi\u00f3n, la gesti\u00f3n de matr\u00edculas, becas y ayudas, solicitud de t\u00edtulos, certificados&#8230;,Tambi\u00e9n lleva a cabo la gesti\u00f3n econ\u00f3mica del centro, manteniendo [&hellip;]\" \/>\n<meta property=\"og:url\" content=\"https:\/\/www.ceipmestalla.com\/index.php\/horario-secretaria\/\" \/>\n<meta property=\"og:site_name\" content=\"Ceip Mestalla\" \/>\n<meta property=\"article:modified_time\" content=\"2026-04-15T10:04:34+00:00\" \/>\n<meta property=\"og:image\" content=\"https:\/\/www.ceipmestalla.com\/wp-content\/uploads\/2021\/03\/Social-media-customer-service.jpg\" \/>\n\t<meta property=\"og:image:width\" content=\"300\" \/>\n\t<meta property=\"og:image:height\" content=\"300\" \/>\n\t<meta property=\"og:image:type\" content=\"image\/jpeg\" \/>\n<meta name=\"twitter:card\" content=\"summary_large_image\" \/>\n<meta name=\"twitter:site\" content=\"@emestalla\" \/>\n<meta name=\"twitter:label1\" content=\"Tiempo de lectura\" \/>\n\t<meta name=\"twitter:data1\" content=\"2 minutos\" \/>\n<script type=\"application\/ld+json\" class=\"yoast-schema-graph\">{\"@context\":\"https:\/\/schema.org\",\"@graph\":[{\"@type\":\"WebPage\",\"@id\":\"https:\/\/www.ceipmestalla.com\/index.php\/horario-secretaria\/\",\"url\":\"https:\/\/www.ceipmestalla.com\/index.php\/horario-secretaria\/\",\"name\":\"Horario secretaria - Ceip Mestalla\",\"isPartOf\":{\"@id\":\"https:\/\/www.ceipmestalla.com\/#website\"},\"primaryImageOfPage\":{\"@id\":\"https:\/\/www.ceipmestalla.com\/index.php\/horario-secretaria\/#primaryimage\"},\"image\":{\"@id\":\"https:\/\/www.ceipmestalla.com\/index.php\/horario-secretaria\/#primaryimage\"},\"thumbnailUrl\":\"https:\/\/www.ceipmestalla.com\/wp-content\/uploads\/2021\/03\/Social-media-customer-service.jpg\",\"datePublished\":\"2021-02-23T21:54:54+00:00\",\"dateModified\":\"2026-04-15T10:04:34+00:00\",\"breadcrumb\":{\"@id\":\"https:\/\/www.ceipmestalla.com\/index.php\/horario-secretaria\/#breadcrumb\"},\"inLanguage\":\"es\",\"potentialAction\":[{\"@type\":\"ReadAction\",\"target\":[\"https:\/\/www.ceipmestalla.com\/index.php\/horario-secretaria\/\"]}]},{\"@type\":\"ImageObject\",\"inLanguage\":\"es\",\"@id\":\"https:\/\/www.ceipmestalla.com\/index.php\/horario-secretaria\/#primaryimage\",\"url\":\"https:\/\/www.ceipmestalla.com\/wp-content\/uploads\/2021\/03\/Social-media-customer-service.jpg\",\"contentUrl\":\"https:\/\/www.ceipmestalla.com\/wp-content\/uploads\/2021\/03\/Social-media-customer-service.jpg\",\"width\":300,\"height\":300},{\"@type\":\"BreadcrumbList\",\"@id\":\"https:\/\/www.ceipmestalla.com\/index.php\/horario-secretaria\/#breadcrumb\",\"itemListElement\":[{\"@type\":\"ListItem\",\"position\":1,\"name\":\"Portada\",\"item\":\"https:\/\/www.ceipmestalla.com\/\"},{\"@type\":\"ListItem\",\"position\":2,\"name\":\"Horario secretaria\"}]},{\"@type\":\"WebSite\",\"@id\":\"https:\/\/www.ceipmestalla.com\/#website\",\"url\":\"https:\/\/www.ceipmestalla.com\/\",\"name\":\"Ceip Mestalla\",\"description\":\"\",\"publisher\":{\"@id\":\"https:\/\/www.ceipmestalla.com\/#organization\"},\"potentialAction\":[{\"@type\":\"SearchAction\",\"target\":{\"@type\":\"EntryPoint\",\"urlTemplate\":\"https:\/\/www.ceipmestalla.com\/?s={search_term_string}\"},\"query-input\":{\"@type\":\"PropertyValueSpecification\",\"valueRequired\":true,\"valueName\":\"search_term_string\"}}],\"inLanguage\":\"es\"},{\"@type\":\"Organization\",\"@id\":\"https:\/\/www.ceipmestalla.com\/#organization\",\"name\":\"Ceip Mestalla\",\"url\":\"https:\/\/www.ceipmestalla.com\/\",\"logo\":{\"@type\":\"ImageObject\",\"inLanguage\":\"es\",\"@id\":\"https:\/\/www.ceipmestalla.com\/#\/schema\/logo\/image\/\",\"url\":\"https:\/\/www.ceipmestalla.com\/wp-content\/uploads\/2021\/02\/cropped-cropped-cropped-cropped-LOGO_Mestalla-1-e1614470494422.png\",\"contentUrl\":\"https:\/\/www.ceipmestalla.com\/wp-content\/uploads\/2021\/02\/cropped-cropped-cropped-cropped-LOGO_Mestalla-1-e1614470494422.png\",\"width\":500,\"height\":191,\"caption\":\"Ceip Mestalla\"},\"image\":{\"@id\":\"https:\/\/www.ceipmestalla.com\/#\/schema\/logo\/image\/\"},\"sameAs\":[\"https:\/\/x.com\/emestalla\",\"https:\/\/www.instagram.com\/colegiomestalla\"]}]}<\/script>\n<!-- \/ Yoast SEO plugin. -->","yoast_head_json":{"title":"Horario secretaria - Ceip Mestalla","robots":{"index":"index","follow":"follow","max-snippet":"max-snippet:-1","max-image-preview":"max-image-preview:large","max-video-preview":"max-video-preview:-1"},"canonical":"https:\/\/www.ceipmestalla.com\/index.php\/horario-secretaria\/","og_locale":"es_ES","og_type":"article","og_title":"Horario secretaria - Ceip Mestalla","og_description":"La&nbsp;Secretar\u00eda&nbsp;es el departamento encargado de gestionar todos aspectos acad\u00e9micos y educativos relacionados con los alumnos del centro.Es el departamento que se encarga del control y actualizaci\u00f3n de los expedientes acad\u00e9micos, organizaci\u00f3n del proceso de admisi\u00f3n, la gesti\u00f3n de matr\u00edculas, becas y ayudas, solicitud de t\u00edtulos, certificados&#8230;,Tambi\u00e9n lleva a cabo la gesti\u00f3n econ\u00f3mica del centro, manteniendo [&hellip;]","og_url":"https:\/\/www.ceipmestalla.com\/index.php\/horario-secretaria\/","og_site_name":"Ceip Mestalla","article_modified_time":"2026-04-15T10:04:34+00:00","og_image":[{"width":300,"height":300,"url":"https:\/\/www.ceipmestalla.com\/wp-content\/uploads\/2021\/03\/Social-media-customer-service.jpg","type":"image\/jpeg"}],"twitter_card":"summary_large_image","twitter_site":"@emestalla","twitter_misc":{"Tiempo de lectura":"2 minutos"},"schema":{"@context":"https:\/\/schema.org","@graph":[{"@type":"WebPage","@id":"https:\/\/www.ceipmestalla.com\/index.php\/horario-secretaria\/","url":"https:\/\/www.ceipmestalla.com\/index.php\/horario-secretaria\/","name":"Horario secretaria - Ceip Mestalla","isPartOf":{"@id":"https:\/\/www.ceipmestalla.com\/#website"},"primaryImageOfPage":{"@id":"https:\/\/www.ceipmestalla.com\/index.php\/horario-secretaria\/#primaryimage"},"image":{"@id":"https:\/\/www.ceipmestalla.com\/index.php\/horario-secretaria\/#primaryimage"},"thumbnailUrl":"https:\/\/www.ceipmestalla.com\/wp-content\/uploads\/2021\/03\/Social-media-customer-service.jpg","datePublished":"2021-02-23T21:54:54+00:00","dateModified":"2026-04-15T10:04:34+00:00","breadcrumb":{"@id":"https:\/\/www.ceipmestalla.com\/index.php\/horario-secretaria\/#breadcrumb"},"inLanguage":"es","potentialAction":[{"@type":"ReadAction","target":["https:\/\/www.ceipmestalla.com\/index.php\/horario-secretaria\/"]}]},{"@type":"ImageObject","inLanguage":"es","@id":"https:\/\/www.ceipmestalla.com\/index.php\/horario-secretaria\/#primaryimage","url":"https:\/\/www.ceipmestalla.com\/wp-content\/uploads\/2021\/03\/Social-media-customer-service.jpg","contentUrl":"https:\/\/www.ceipmestalla.com\/wp-content\/uploads\/2021\/03\/Social-media-customer-service.jpg","width":300,"height":300},{"@type":"BreadcrumbList","@id":"https:\/\/www.ceipmestalla.com\/index.php\/horario-secretaria\/#breadcrumb","itemListElement":[{"@type":"ListItem","position":1,"name":"Portada","item":"https:\/\/www.ceipmestalla.com\/"},{"@type":"ListItem","position":2,"name":"Horario secretaria"}]},{"@type":"WebSite","@id":"https:\/\/www.ceipmestalla.com\/#website","url":"https:\/\/www.ceipmestalla.com\/","name":"Ceip Mestalla","description":"","publisher":{"@id":"https:\/\/www.ceipmestalla.com\/#organization"},"potentialAction":[{"@type":"SearchAction","target":{"@type":"EntryPoint","urlTemplate":"https:\/\/www.ceipmestalla.com\/?s={search_term_string}"},"query-input":{"@type":"PropertyValueSpecification","valueRequired":true,"valueName":"search_term_string"}}],"inLanguage":"es"},{"@type":"Organization","@id":"https:\/\/www.ceipmestalla.com\/#organization","name":"Ceip Mestalla","url":"https:\/\/www.ceipmestalla.com\/","logo":{"@type":"ImageObject","inLanguage":"es","@id":"https:\/\/www.ceipmestalla.com\/#\/schema\/logo\/image\/","url":"https:\/\/www.ceipmestalla.com\/wp-content\/uploads\/2021\/02\/cropped-cropped-cropped-cropped-LOGO_Mestalla-1-e1614470494422.png","contentUrl":"https:\/\/www.ceipmestalla.com\/wp-content\/uploads\/2021\/02\/cropped-cropped-cropped-cropped-LOGO_Mestalla-1-e1614470494422.png","width":500,"height":191,"caption":"Ceip Mestalla"},"image":{"@id":"https:\/\/www.ceipmestalla.com\/#\/schema\/logo\/image\/"},"sameAs":["https:\/\/x.com\/emestalla","https:\/\/www.instagram.com\/colegiomestalla"]}]}},"_links":{"self":[{"href":"https:\/\/www.ceipmestalla.com\/index.php\/wp-json\/wp\/v2\/pages\/71","targetHints":{"allow":["GET"]}}],"collection":[{"href":"https:\/\/www.ceipmestalla.com\/index.php\/wp-json\/wp\/v2\/pages"}],"about":[{"href":"https:\/\/www.ceipmestalla.com\/index.php\/wp-json\/wp\/v2\/types\/page"}],"author":[{"embeddable":true,"href":"https:\/\/www.ceipmestalla.com\/index.php\/wp-json\/wp\/v2\/users\/2"}],"replies":[{"embeddable":true,"href":"https:\/\/www.ceipmestalla.com\/index.php\/wp-json\/wp\/v2\/comments?post=71"}],"version-history":[{"count":21,"href":"https:\/\/www.ceipmestalla.com\/index.php\/wp-json\/wp\/v2\/pages\/71\/revisions"}],"predecessor-version":[{"id":3539,"href":"https:\/\/www.ceipmestalla.com\/index.php\/wp-json\/wp\/v2\/pages\/71\/revisions\/3539"}],"wp:attachment":[{"href":"https:\/\/www.ceipmestalla.com\/index.php\/wp-json\/wp\/v2\/media?parent=71"}],"curies":[{"name":"wp","href":"https:\/\/api.w.org\/{rel}","templated":true}]}}