{"id":82,"date":"2021-02-23T21:59:28","date_gmt":"2021-02-23T21:59:28","guid":{"rendered":"https:\/\/www.ceipmestalla.com\/?page_id=82"},"modified":"2022-03-25T17:27:13","modified_gmt":"2022-03-25T15:27:13","slug":"proyectos-eventos","status":"publish","type":"page","link":"https:\/\/www.ceipmestalla.com\/index.php\/proyectos-eventos\/","title":{"rendered":"Proyectos-Eventos"},"content":{"rendered":"\n[Best_Wordpress_Gallery id=\u00bb38&#8243; gal_title=\u00bbObras de teatro en ingl\u00e9s: Jungle fever&#8217; and &#8216;Time machine'\u00bb]\n\n\n\n[Best_Wordpress_Gallery id=\u00bb37&#8243; gal_title=\u00bbActividades art\u00edstica, carnaval, fallas, San Valent\u00edn y otras\u00bb]\n\n\n\n[Best_Wordpress_Gallery id=\u00bb35&#8243; gal_title=\u00bbLa xiqueta, la dona i la ci\u00e8ncia 2022, exposici\u00f3 de lapbooks\u00bb]\n\n\n\n[Best_Wordpress_Gallery id=\u00bb36&#8243; gal_title=\u00bbCampa\u00f1a solidaria, recogida de ropa-2&#8243;]\n\n\n\n[Best_Wordpress_Gallery id=\u00bb27&#8243; gal_title=\u00bbExposici\u00f3 del ninot i falla\u00bb]\n\n\n\n[Best_Wordpress_Gallery id=\u00bb34&#8243; gal_title=\u00bbD\u00eda de la Paz\u00bb]\n\n\n\n[Best_Wordpress_Gallery id=\u00bb24&#8243; gal_title=\u00bbGANADOR DEL CONCURSO NAVIDE\u00d1O DE LA CIUDAD DE LAS CIENCIAS. ENTREGA DE PREMIOS 23-12-21&#8243;]\n\n\n\n[Best_Wordpress_Gallery id=\u00bb22&#8243; gal_title=\u00bbEl cole a Nadal\u00bb]\n\n\n\n[Best_Wordpress_Gallery id=\u00bb20&#8243; gal_title=\u00bbActividades y Proyectos del Primer Trimestre\u00bb]\n\n\n\n[Best_Wordpress_Gallery id=\u00bb12&#8243; gal_title=\u00bbCELEBREM LARRIBADA DE LA PRIMAVERA 31 de mar\u00e7\u00bb]\n\n\n\n<p class=\"has-text-color\" style=\"color:#0c5e8e\"><strong>Hoy el patio se ha llenado de maravillosas flores\u00a1 <\/strong><\/p>\n\n\n\n[Best_Wordpress_Gallery id=\u00bb2&#8243; gal_title=\u00bbFalles 2020&#8243;]\n\n\n\n<p class=\"has-text-align-left has-white-background-color has-text-color has-background\" style=\"color:#0c5e8e;font-size:18px\"><strong>Enguany ens conformem amb crear ambient faller,   La nostra falla haur\u00e0 d&#8217;esperar&#8230;&#8230;..per\u00f2 TORNAREM<br>Moltes gr\u00e0cies a la fallera major infantil de Val\u00e8ncia 2020-21 Carla Garc\u00eda i P\u00e9rez pel record que ha tingut cap al nostre col\u00b7legi.<\/strong><\/p>\n\n\n\n[Best_Wordpress_Gallery id=\u00bb9&#8243; gal_title=\u00bbDones,xiquetes i ciencia\u00bb]\n","protected":false},"excerpt":{"rendered":"<p>Hoy el patio se ha llenado de maravillosas flores\u00a1 Enguany ens conformem amb crear ambient faller, La nostra falla haur\u00e0 d&#8217;esperar&#8230;&#8230;..per\u00f2 TORNAREMMoltes gr\u00e0cies a la fallera major infantil de Val\u00e8ncia 2020-21 Carla Garc\u00eda i P\u00e9rez pel record que ha tingut cap al nostre col\u00b7legi.<\/p>\n","protected":false},"author":2,"featured_media":0,"parent":0,"menu_order":0,"comment_status":"closed","ping_status":"closed","template":"","meta":{"footnotes":""},"class_list":["post-82","page","type-page","status-publish","czr-hentry"],"yoast_head":"<!-- This site is optimized with the Yoast SEO plugin v25.7 - https:\/\/yoast.com\/wordpress\/plugins\/seo\/ -->\n<title>Proyectos-Eventos - Ceip Mestalla<\/title>\n<meta name=\"robots\" content=\"index, follow, max-snippet:-1, max-image-preview:large, max-video-preview:-1\" \/>\n<link rel=\"canonical\" href=\"https:\/\/www.ceipmestalla.com\/index.php\/proyectos-eventos\/\" \/>\n<meta property=\"og:locale\" content=\"es_ES\" \/>\n<meta property=\"og:type\" content=\"article\" \/>\n<meta property=\"og:title\" content=\"Proyectos-Eventos - Ceip Mestalla\" \/>\n<meta property=\"og:description\" content=\"Hoy el patio se ha llenado de maravillosas flores\u00a1 Enguany ens conformem amb crear ambient faller, La nostra falla haur\u00e0 d&#8217;esperar&#8230;&#8230;..per\u00f2 TORNAREMMoltes gr\u00e0cies a la fallera major infantil de Val\u00e8ncia 2020-21 Carla Garc\u00eda i P\u00e9rez pel record que ha tingut cap al nostre col\u00b7legi.\" \/>\n<meta property=\"og:url\" content=\"https:\/\/www.ceipmestalla.com\/index.php\/proyectos-eventos\/\" \/>\n<meta property=\"og:site_name\" content=\"Ceip Mestalla\" \/>\n<meta property=\"article:modified_time\" content=\"2022-03-25T15:27:13+00:00\" \/>\n<meta name=\"twitter:card\" content=\"summary_large_image\" \/>\n<meta name=\"twitter:site\" content=\"@emestalla\" \/>\n<meta name=\"twitter:label1\" content=\"Tiempo de lectura\" \/>\n\t<meta name=\"twitter:data1\" content=\"1 minuto\" \/>\n<script type=\"application\/ld+json\" class=\"yoast-schema-graph\">{\"@context\":\"https:\/\/schema.org\",\"@graph\":[{\"@type\":\"WebPage\",\"@id\":\"https:\/\/www.ceipmestalla.com\/index.php\/proyectos-eventos\/\",\"url\":\"https:\/\/www.ceipmestalla.com\/index.php\/proyectos-eventos\/\",\"name\":\"Proyectos-Eventos - Ceip Mestalla\",\"isPartOf\":{\"@id\":\"https:\/\/www.ceipmestalla.com\/#website\"},\"datePublished\":\"2021-02-23T21:59:28+00:00\",\"dateModified\":\"2022-03-25T15:27:13+00:00\",\"breadcrumb\":{\"@id\":\"https:\/\/www.ceipmestalla.com\/index.php\/proyectos-eventos\/#breadcrumb\"},\"inLanguage\":\"es\",\"potentialAction\":[{\"@type\":\"ReadAction\",\"target\":[\"https:\/\/www.ceipmestalla.com\/index.php\/proyectos-eventos\/\"]}]},{\"@type\":\"BreadcrumbList\",\"@id\":\"https:\/\/www.ceipmestalla.com\/index.php\/proyectos-eventos\/#breadcrumb\",\"itemListElement\":[{\"@type\":\"ListItem\",\"position\":1,\"name\":\"Portada\",\"item\":\"https:\/\/www.ceipmestalla.com\/\"},{\"@type\":\"ListItem\",\"position\":2,\"name\":\"Proyectos-Eventos\"}]},{\"@type\":\"WebSite\",\"@id\":\"https:\/\/www.ceipmestalla.com\/#website\",\"url\":\"https:\/\/www.ceipmestalla.com\/\",\"name\":\"Ceip Mestalla\",\"description\":\"\",\"publisher\":{\"@id\":\"https:\/\/www.ceipmestalla.com\/#organization\"},\"potentialAction\":[{\"@type\":\"SearchAction\",\"target\":{\"@type\":\"EntryPoint\",\"urlTemplate\":\"https:\/\/www.ceipmestalla.com\/?s={search_term_string}\"},\"query-input\":{\"@type\":\"PropertyValueSpecification\",\"valueRequired\":true,\"valueName\":\"search_term_string\"}}],\"inLanguage\":\"es\"},{\"@type\":\"Organization\",\"@id\":\"https:\/\/www.ceipmestalla.com\/#organization\",\"name\":\"Ceip Mestalla\",\"url\":\"https:\/\/www.ceipmestalla.com\/\",\"logo\":{\"@type\":\"ImageObject\",\"inLanguage\":\"es\",\"@id\":\"https:\/\/www.ceipmestalla.com\/#\/schema\/logo\/image\/\",\"url\":\"https:\/\/www.ceipmestalla.com\/wp-content\/uploads\/2021\/02\/cropped-cropped-cropped-cropped-LOGO_Mestalla-1-e1614470494422.png\",\"contentUrl\":\"https:\/\/www.ceipmestalla.com\/wp-content\/uploads\/2021\/02\/cropped-cropped-cropped-cropped-LOGO_Mestalla-1-e1614470494422.png\",\"width\":500,\"height\":191,\"caption\":\"Ceip Mestalla\"},\"image\":{\"@id\":\"https:\/\/www.ceipmestalla.com\/#\/schema\/logo\/image\/\"},\"sameAs\":[\"https:\/\/x.com\/emestalla\",\"https:\/\/www.instagram.com\/colegiomestalla\"]}]}<\/script>\n<!-- \/ Yoast SEO plugin. -->","yoast_head_json":{"title":"Proyectos-Eventos - Ceip Mestalla","robots":{"index":"index","follow":"follow","max-snippet":"max-snippet:-1","max-image-preview":"max-image-preview:large","max-video-preview":"max-video-preview:-1"},"canonical":"https:\/\/www.ceipmestalla.com\/index.php\/proyectos-eventos\/","og_locale":"es_ES","og_type":"article","og_title":"Proyectos-Eventos - Ceip Mestalla","og_description":"Hoy el patio se ha llenado de maravillosas flores\u00a1 Enguany ens conformem amb crear ambient faller, La nostra falla haur\u00e0 d&#8217;esperar&#8230;&#8230;..per\u00f2 TORNAREMMoltes gr\u00e0cies a la fallera major infantil de Val\u00e8ncia 2020-21 Carla Garc\u00eda i P\u00e9rez pel record que ha tingut cap al nostre col\u00b7legi.","og_url":"https:\/\/www.ceipmestalla.com\/index.php\/proyectos-eventos\/","og_site_name":"Ceip Mestalla","article_modified_time":"2022-03-25T15:27:13+00:00","twitter_card":"summary_large_image","twitter_site":"@emestalla","twitter_misc":{"Tiempo de lectura":"1 minuto"},"schema":{"@context":"https:\/\/schema.org","@graph":[{"@type":"WebPage","@id":"https:\/\/www.ceipmestalla.com\/index.php\/proyectos-eventos\/","url":"https:\/\/www.ceipmestalla.com\/index.php\/proyectos-eventos\/","name":"Proyectos-Eventos - Ceip Mestalla","isPartOf":{"@id":"https:\/\/www.ceipmestalla.com\/#website"},"datePublished":"2021-02-23T21:59:28+00:00","dateModified":"2022-03-25T15:27:13+00:00","breadcrumb":{"@id":"https:\/\/www.ceipmestalla.com\/index.php\/proyectos-eventos\/#breadcrumb"},"inLanguage":"es","potentialAction":[{"@type":"ReadAction","target":["https:\/\/www.ceipmestalla.com\/index.php\/proyectos-eventos\/"]}]},{"@type":"BreadcrumbList","@id":"https:\/\/www.ceipmestalla.com\/index.php\/proyectos-eventos\/#breadcrumb","itemListElement":[{"@type":"ListItem","position":1,"name":"Portada","item":"https:\/\/www.ceipmestalla.com\/"},{"@type":"ListItem","position":2,"name":"Proyectos-Eventos"}]},{"@type":"WebSite","@id":"https:\/\/www.ceipmestalla.com\/#website","url":"https:\/\/www.ceipmestalla.com\/","name":"Ceip Mestalla","description":"","publisher":{"@id":"https:\/\/www.ceipmestalla.com\/#organization"},"potentialAction":[{"@type":"SearchAction","target":{"@type":"EntryPoint","urlTemplate":"https:\/\/www.ceipmestalla.com\/?s={search_term_string}"},"query-input":{"@type":"PropertyValueSpecification","valueRequired":true,"valueName":"search_term_string"}}],"inLanguage":"es"},{"@type":"Organization","@id":"https:\/\/www.ceipmestalla.com\/#organization","name":"Ceip Mestalla","url":"https:\/\/www.ceipmestalla.com\/","logo":{"@type":"ImageObject","inLanguage":"es","@id":"https:\/\/www.ceipmestalla.com\/#\/schema\/logo\/image\/","url":"https:\/\/www.ceipmestalla.com\/wp-content\/uploads\/2021\/02\/cropped-cropped-cropped-cropped-LOGO_Mestalla-1-e1614470494422.png","contentUrl":"https:\/\/www.ceipmestalla.com\/wp-content\/uploads\/2021\/02\/cropped-cropped-cropped-cropped-LOGO_Mestalla-1-e1614470494422.png","width":500,"height":191,"caption":"Ceip Mestalla"},"image":{"@id":"https:\/\/www.ceipmestalla.com\/#\/schema\/logo\/image\/"},"sameAs":["https:\/\/x.com\/emestalla","https:\/\/www.instagram.com\/colegiomestalla"]}]}},"_links":{"self":[{"href":"https:\/\/www.ceipmestalla.com\/index.php\/wp-json\/wp\/v2\/pages\/82","targetHints":{"allow":["GET"]}}],"collection":[{"href":"https:\/\/www.ceipmestalla.com\/index.php\/wp-json\/wp\/v2\/pages"}],"about":[{"href":"https:\/\/www.ceipmestalla.com\/index.php\/wp-json\/wp\/v2\/types\/page"}],"author":[{"embeddable":true,"href":"https:\/\/www.ceipmestalla.com\/index.php\/wp-json\/wp\/v2\/users\/2"}],"replies":[{"embeddable":true,"href":"https:\/\/www.ceipmestalla.com\/index.php\/wp-json\/wp\/v2\/comments?post=82"}],"version-history":[{"count":33,"href":"https:\/\/www.ceipmestalla.com\/index.php\/wp-json\/wp\/v2\/pages\/82\/revisions"}],"predecessor-version":[{"id":2444,"href":"https:\/\/www.ceipmestalla.com\/index.php\/wp-json\/wp\/v2\/pages\/82\/revisions\/2444"}],"wp:attachment":[{"href":"https:\/\/www.ceipmestalla.com\/index.php\/wp-json\/wp\/v2\/media?parent=82"}],"curies":[{"name":"wp","href":"https:\/\/api.w.org\/{rel}","templated":true}]}}