{"id":93,"date":"2021-02-23T22:09:54","date_gmt":"2021-02-23T22:09:54","guid":{"rendered":"https:\/\/www.ceipmestalla.com\/?page_id=93"},"modified":"2021-03-19T15:15:49","modified_gmt":"2021-03-19T15:15:49","slug":"xarxa-de-llibres","status":"publish","type":"page","link":"https:\/\/www.ceipmestalla.com\/index.php\/xarxa-de-llibres\/","title":{"rendered":"Xarxa de llibres"},"content":{"rendered":"\n<h2 class=\"wp-block-heading\">\u00bfEn qu\u00e9 consiste el banco de libros?<\/h2>\n\n\n\n<p>Es un sistema de intercambio y reutilizaci\u00f3n de libros de texto para beneficio de las familias. <br>Hay unas normas para regular el proceso con la intenci\u00f3n de que los criterios de reparto sean objetivos y<br>equitativos.<br>\u00bfQui\u00e9n puede participar? ,,,,,,,,,,   <em>seguir leyendo <\/em>Preguntas frecuentes <a href=\"https:\/\/www.ceipmestalla.com\/wp-content\/uploads\/2021\/03\/preguntos-BANco-libros.pdf\" target=\"_blank\" rel=\"noreferrer noopener\"><img decoding=\"async\" width=\"50\" height=\"46\" class=\"wp-image-1301\" style=\"width: 50px;\" src=\"https:\/\/www.ceipmestalla.com\/wp-content\/uploads\/2021\/03\/th.jpg\" alt=\"\" srcset=\"https:\/\/www.ceipmestalla.com\/wp-content\/uploads\/2021\/03\/th.jpg 411w, https:\/\/www.ceipmestalla.com\/wp-content\/uploads\/2021\/03\/th-300x277.jpg 300w, https:\/\/www.ceipmestalla.com\/wp-content\/uploads\/2021\/03\/th-270x250.jpg 270w\" sizes=\"(max-width: 50px) 100vw, 50px\" \/><\/a><br><br><\/p>\n\n\n\n<h2 class=\"has-text-align-left wp-block-heading\">Toda la Informaci\u00f3n sobre el banco de libros:&nbsp;<\/h2>\n\n\n\n<p><a rel=\"noreferrer noopener\" href=\"https:\/\/www.ceipmestalla.com\/wp-content\/uploads\/2021\/03\/INFORMACION_A_LOS_CENTROS_XARXALLIBRES.pdf\" target=\"_blank\"><img decoding=\"async\" width=\"40\" height=\"40\" class=\"wp-image-494\" style=\"width: 40px;\" src=\"https:\/\/www.ceipmestalla.com\/wp-content\/uploads\/2021\/02\/boton-sigue-1.png\" alt=\"\" srcset=\"https:\/\/www.ceipmestalla.com\/wp-content\/uploads\/2021\/02\/boton-sigue-1.png 200w, https:\/\/www.ceipmestalla.com\/wp-content\/uploads\/2021\/02\/boton-sigue-1-150x150.png 150w\" sizes=\"(max-width: 40px) 100vw, 40px\" \/><\/a>Instrucciones sobre el procedimiento de entrega de libros<a href=\"https:\/\/www.ceipmestalla.com\/wp-content\/uploads\/2021\/03\/INSTR_GV_2021Banco-libros.pdf\" target=\"_blank\" rel=\"noreferrer noopener\"><img decoding=\"async\" width=\"50\" height=\"46\" class=\"wp-image-1301\" style=\"width: 50px;\" src=\"https:\/\/www.ceipmestalla.com\/wp-content\/uploads\/2021\/03\/th.jpg\" alt=\"\" srcset=\"https:\/\/www.ceipmestalla.com\/wp-content\/uploads\/2021\/03\/th.jpg 411w, https:\/\/www.ceipmestalla.com\/wp-content\/uploads\/2021\/03\/th-300x277.jpg 300w, https:\/\/www.ceipmestalla.com\/wp-content\/uploads\/2021\/03\/th-270x250.jpg 270w\" sizes=\"(max-width: 50px) 100vw, 50px\" \/><\/a><\/p>\n\n\n\n<p>&nbsp;<a rel=\"noreferrer noopener\" href=\"https:\/\/www.ceipmestalla.com\/wp-content\/uploads\/2021\/03\/DIAPOSITIVES-XXL-Fase2-BancLlibres_Val.pdf\" target=\"_blank\"><img decoding=\"async\" width=\"40\" height=\"40\" class=\"wp-image-494\" style=\"width: 40px;\" src=\"https:\/\/www.ceipmestalla.com\/wp-content\/uploads\/2021\/02\/boton-sigue-1.png\" alt=\"\" srcset=\"https:\/\/www.ceipmestalla.com\/wp-content\/uploads\/2021\/02\/boton-sigue-1.png 200w, https:\/\/www.ceipmestalla.com\/wp-content\/uploads\/2021\/02\/boton-sigue-1-150x150.png 150w\" sizes=\"(max-width: 40px) 100vw, 40px\" \/>P<\/a>articipaci\u00f3n&nbsp;en el banco de libros  SOLICITUD<a href=\"https:\/\/www.ceipmestalla.com\/wp-content\/uploads\/2021\/03\/S0licitud-banco-libros.pdf\" target=\"_blank\" rel=\"noreferrer noopener\"><img decoding=\"async\" width=\"50\" height=\"46\" class=\"wp-image-1301\" style=\"width: 50px;\" src=\"https:\/\/www.ceipmestalla.com\/wp-content\/uploads\/2021\/03\/th.jpg\" alt=\"\" srcset=\"https:\/\/www.ceipmestalla.com\/wp-content\/uploads\/2021\/03\/th.jpg 411w, https:\/\/www.ceipmestalla.com\/wp-content\/uploads\/2021\/03\/th-300x277.jpg 300w, https:\/\/www.ceipmestalla.com\/wp-content\/uploads\/2021\/03\/th-270x250.jpg 270w\" sizes=\"(max-width: 50px) 100vw, 50px\" \/><\/a><\/p>\n\n\n\n<p><img decoding=\"async\" width=\"50\" height=\"50\" class=\"wp-image-494\" style=\"width: 50px;\" src=\"https:\/\/www.ceipmestalla.com\/wp-content\/uploads\/2021\/02\/boton-sigue-1.png\" alt=\"\" srcset=\"https:\/\/www.ceipmestalla.com\/wp-content\/uploads\/2021\/02\/boton-sigue-1.png 200w, https:\/\/www.ceipmestalla.com\/wp-content\/uploads\/2021\/02\/boton-sigue-1-150x150.png 150w\" sizes=\"(max-width: 50px) 100vw, 50px\" \/>Normativa Banco de libros<a rel=\"noreferrer noopener\" href=\"https:\/\/www.ceipmestalla.com\/wp-content\/uploads\/2021\/03\/orden-banco-libros.pdf\" target=\"_blank\"><img decoding=\"async\" width=\"50\" height=\"46\" class=\"wp-image-1301\" style=\"width: 50px;\" src=\"https:\/\/www.ceipmestalla.com\/wp-content\/uploads\/2021\/03\/th.jpg\" alt=\"\" srcset=\"https:\/\/www.ceipmestalla.com\/wp-content\/uploads\/2021\/03\/th.jpg 411w, https:\/\/www.ceipmestalla.com\/wp-content\/uploads\/2021\/03\/th-300x277.jpg 300w, https:\/\/www.ceipmestalla.com\/wp-content\/uploads\/2021\/03\/th-270x250.jpg 270w\" sizes=\"(max-width: 50px) 100vw, 50px\" \/><\/a>     <\/p>\n\n\n\n<p class=\"has-vivid-red-color has-text-color\"><em><a href=\"http:\/\/www.ceice.gva.es\/es\/web\/centros-docentes\/ayudas\/subvenciones\/libros-de-texto\" target=\"_blank\" rel=\"noreferrer noopener\">Saber m\u00e1s,,,,,,,<\/a><\/em><\/p>\n","protected":false},"excerpt":{"rendered":"<p>\u00bfEn qu\u00e9 consiste el banco de libros? Es un sistema de intercambio y reutilizaci\u00f3n de libros de texto para beneficio de las familias. Hay unas normas para regular el proceso con la intenci\u00f3n de que los criterios de reparto sean objetivos yequitativos.\u00bfQui\u00e9n puede participar? ,,,,,,,,,, seguir leyendo Preguntas frecuentes Toda la Informaci\u00f3n sobre el banco [&hellip;]<\/p>\n","protected":false},"author":2,"featured_media":0,"parent":0,"menu_order":0,"comment_status":"closed","ping_status":"closed","template":"","meta":{"footnotes":""},"class_list":["post-93","page","type-page","status-publish","czr-hentry"],"yoast_head":"<!-- This site is optimized with the Yoast SEO plugin v25.7 - https:\/\/yoast.com\/wordpress\/plugins\/seo\/ -->\n<title>Xarxa de llibres - Ceip Mestalla<\/title>\n<meta name=\"robots\" content=\"index, follow, max-snippet:-1, max-image-preview:large, max-video-preview:-1\" \/>\n<link rel=\"canonical\" href=\"https:\/\/www.ceipmestalla.com\/index.php\/xarxa-de-llibres\/\" \/>\n<meta property=\"og:locale\" content=\"es_ES\" \/>\n<meta property=\"og:type\" content=\"article\" \/>\n<meta property=\"og:title\" content=\"Xarxa de llibres - Ceip Mestalla\" \/>\n<meta property=\"og:description\" content=\"\u00bfEn qu\u00e9 consiste el banco de libros? Es un sistema de intercambio y reutilizaci\u00f3n de libros de texto para beneficio de las familias. Hay unas normas para regular el proceso con la intenci\u00f3n de que los criterios de reparto sean objetivos yequitativos.\u00bfQui\u00e9n puede participar? ,,,,,,,,,, seguir leyendo Preguntas frecuentes Toda la Informaci\u00f3n sobre el banco [&hellip;]\" \/>\n<meta property=\"og:url\" content=\"https:\/\/www.ceipmestalla.com\/index.php\/xarxa-de-llibres\/\" \/>\n<meta property=\"og:site_name\" content=\"Ceip Mestalla\" \/>\n<meta property=\"article:modified_time\" content=\"2021-03-19T15:15:49+00:00\" \/>\n<meta property=\"og:image\" content=\"https:\/\/www.ceipmestalla.com\/wp-content\/uploads\/2021\/03\/th.jpg\" \/>\n<meta name=\"twitter:card\" content=\"summary_large_image\" \/>\n<meta name=\"twitter:site\" content=\"@emestalla\" \/>\n<script type=\"application\/ld+json\" class=\"yoast-schema-graph\">{\"@context\":\"https:\/\/schema.org\",\"@graph\":[{\"@type\":\"WebPage\",\"@id\":\"https:\/\/www.ceipmestalla.com\/index.php\/xarxa-de-llibres\/\",\"url\":\"https:\/\/www.ceipmestalla.com\/index.php\/xarxa-de-llibres\/\",\"name\":\"Xarxa de llibres - Ceip Mestalla\",\"isPartOf\":{\"@id\":\"https:\/\/www.ceipmestalla.com\/#website\"},\"primaryImageOfPage\":{\"@id\":\"https:\/\/www.ceipmestalla.com\/index.php\/xarxa-de-llibres\/#primaryimage\"},\"image\":{\"@id\":\"https:\/\/www.ceipmestalla.com\/index.php\/xarxa-de-llibres\/#primaryimage\"},\"thumbnailUrl\":\"https:\/\/www.ceipmestalla.com\/wp-content\/uploads\/2021\/03\/th.jpg\",\"datePublished\":\"2021-02-23T22:09:54+00:00\",\"dateModified\":\"2021-03-19T15:15:49+00:00\",\"breadcrumb\":{\"@id\":\"https:\/\/www.ceipmestalla.com\/index.php\/xarxa-de-llibres\/#breadcrumb\"},\"inLanguage\":\"es\",\"potentialAction\":[{\"@type\":\"ReadAction\",\"target\":[\"https:\/\/www.ceipmestalla.com\/index.php\/xarxa-de-llibres\/\"]}]},{\"@type\":\"ImageObject\",\"inLanguage\":\"es\",\"@id\":\"https:\/\/www.ceipmestalla.com\/index.php\/xarxa-de-llibres\/#primaryimage\",\"url\":\"https:\/\/www.ceipmestalla.com\/wp-content\/uploads\/2021\/03\/th.jpg\",\"contentUrl\":\"https:\/\/www.ceipmestalla.com\/wp-content\/uploads\/2021\/03\/th.jpg\",\"width\":411,\"height\":380},{\"@type\":\"BreadcrumbList\",\"@id\":\"https:\/\/www.ceipmestalla.com\/index.php\/xarxa-de-llibres\/#breadcrumb\",\"itemListElement\":[{\"@type\":\"ListItem\",\"position\":1,\"name\":\"Portada\",\"item\":\"https:\/\/www.ceipmestalla.com\/\"},{\"@type\":\"ListItem\",\"position\":2,\"name\":\"Xarxa de llibres\"}]},{\"@type\":\"WebSite\",\"@id\":\"https:\/\/www.ceipmestalla.com\/#website\",\"url\":\"https:\/\/www.ceipmestalla.com\/\",\"name\":\"Ceip Mestalla\",\"description\":\"\",\"publisher\":{\"@id\":\"https:\/\/www.ceipmestalla.com\/#organization\"},\"potentialAction\":[{\"@type\":\"SearchAction\",\"target\":{\"@type\":\"EntryPoint\",\"urlTemplate\":\"https:\/\/www.ceipmestalla.com\/?s={search_term_string}\"},\"query-input\":{\"@type\":\"PropertyValueSpecification\",\"valueRequired\":true,\"valueName\":\"search_term_string\"}}],\"inLanguage\":\"es\"},{\"@type\":\"Organization\",\"@id\":\"https:\/\/www.ceipmestalla.com\/#organization\",\"name\":\"Ceip Mestalla\",\"url\":\"https:\/\/www.ceipmestalla.com\/\",\"logo\":{\"@type\":\"ImageObject\",\"inLanguage\":\"es\",\"@id\":\"https:\/\/www.ceipmestalla.com\/#\/schema\/logo\/image\/\",\"url\":\"https:\/\/www.ceipmestalla.com\/wp-content\/uploads\/2021\/02\/cropped-cropped-cropped-cropped-LOGO_Mestalla-1-e1614470494422.png\",\"contentUrl\":\"https:\/\/www.ceipmestalla.com\/wp-content\/uploads\/2021\/02\/cropped-cropped-cropped-cropped-LOGO_Mestalla-1-e1614470494422.png\",\"width\":500,\"height\":191,\"caption\":\"Ceip Mestalla\"},\"image\":{\"@id\":\"https:\/\/www.ceipmestalla.com\/#\/schema\/logo\/image\/\"},\"sameAs\":[\"https:\/\/x.com\/emestalla\",\"https:\/\/www.instagram.com\/colegiomestalla\"]}]}<\/script>\n<!-- \/ Yoast SEO plugin. -->","yoast_head_json":{"title":"Xarxa de llibres - Ceip Mestalla","robots":{"index":"index","follow":"follow","max-snippet":"max-snippet:-1","max-image-preview":"max-image-preview:large","max-video-preview":"max-video-preview:-1"},"canonical":"https:\/\/www.ceipmestalla.com\/index.php\/xarxa-de-llibres\/","og_locale":"es_ES","og_type":"article","og_title":"Xarxa de llibres - Ceip Mestalla","og_description":"\u00bfEn qu\u00e9 consiste el banco de libros? Es un sistema de intercambio y reutilizaci\u00f3n de libros de texto para beneficio de las familias. Hay unas normas para regular el proceso con la intenci\u00f3n de que los criterios de reparto sean objetivos yequitativos.\u00bfQui\u00e9n puede participar? ,,,,,,,,,, seguir leyendo Preguntas frecuentes Toda la Informaci\u00f3n sobre el banco [&hellip;]","og_url":"https:\/\/www.ceipmestalla.com\/index.php\/xarxa-de-llibres\/","og_site_name":"Ceip Mestalla","article_modified_time":"2021-03-19T15:15:49+00:00","og_image":[{"url":"https:\/\/www.ceipmestalla.com\/wp-content\/uploads\/2021\/03\/th.jpg","type":"","width":"","height":""}],"twitter_card":"summary_large_image","twitter_site":"@emestalla","schema":{"@context":"https:\/\/schema.org","@graph":[{"@type":"WebPage","@id":"https:\/\/www.ceipmestalla.com\/index.php\/xarxa-de-llibres\/","url":"https:\/\/www.ceipmestalla.com\/index.php\/xarxa-de-llibres\/","name":"Xarxa de llibres - Ceip Mestalla","isPartOf":{"@id":"https:\/\/www.ceipmestalla.com\/#website"},"primaryImageOfPage":{"@id":"https:\/\/www.ceipmestalla.com\/index.php\/xarxa-de-llibres\/#primaryimage"},"image":{"@id":"https:\/\/www.ceipmestalla.com\/index.php\/xarxa-de-llibres\/#primaryimage"},"thumbnailUrl":"https:\/\/www.ceipmestalla.com\/wp-content\/uploads\/2021\/03\/th.jpg","datePublished":"2021-02-23T22:09:54+00:00","dateModified":"2021-03-19T15:15:49+00:00","breadcrumb":{"@id":"https:\/\/www.ceipmestalla.com\/index.php\/xarxa-de-llibres\/#breadcrumb"},"inLanguage":"es","potentialAction":[{"@type":"ReadAction","target":["https:\/\/www.ceipmestalla.com\/index.php\/xarxa-de-llibres\/"]}]},{"@type":"ImageObject","inLanguage":"es","@id":"https:\/\/www.ceipmestalla.com\/index.php\/xarxa-de-llibres\/#primaryimage","url":"https:\/\/www.ceipmestalla.com\/wp-content\/uploads\/2021\/03\/th.jpg","contentUrl":"https:\/\/www.ceipmestalla.com\/wp-content\/uploads\/2021\/03\/th.jpg","width":411,"height":380},{"@type":"BreadcrumbList","@id":"https:\/\/www.ceipmestalla.com\/index.php\/xarxa-de-llibres\/#breadcrumb","itemListElement":[{"@type":"ListItem","position":1,"name":"Portada","item":"https:\/\/www.ceipmestalla.com\/"},{"@type":"ListItem","position":2,"name":"Xarxa de llibres"}]},{"@type":"WebSite","@id":"https:\/\/www.ceipmestalla.com\/#website","url":"https:\/\/www.ceipmestalla.com\/","name":"Ceip Mestalla","description":"","publisher":{"@id":"https:\/\/www.ceipmestalla.com\/#organization"},"potentialAction":[{"@type":"SearchAction","target":{"@type":"EntryPoint","urlTemplate":"https:\/\/www.ceipmestalla.com\/?s={search_term_string}"},"query-input":{"@type":"PropertyValueSpecification","valueRequired":true,"valueName":"search_term_string"}}],"inLanguage":"es"},{"@type":"Organization","@id":"https:\/\/www.ceipmestalla.com\/#organization","name":"Ceip Mestalla","url":"https:\/\/www.ceipmestalla.com\/","logo":{"@type":"ImageObject","inLanguage":"es","@id":"https:\/\/www.ceipmestalla.com\/#\/schema\/logo\/image\/","url":"https:\/\/www.ceipmestalla.com\/wp-content\/uploads\/2021\/02\/cropped-cropped-cropped-cropped-LOGO_Mestalla-1-e1614470494422.png","contentUrl":"https:\/\/www.ceipmestalla.com\/wp-content\/uploads\/2021\/02\/cropped-cropped-cropped-cropped-LOGO_Mestalla-1-e1614470494422.png","width":500,"height":191,"caption":"Ceip Mestalla"},"image":{"@id":"https:\/\/www.ceipmestalla.com\/#\/schema\/logo\/image\/"},"sameAs":["https:\/\/x.com\/emestalla","https:\/\/www.instagram.com\/colegiomestalla"]}]}},"_links":{"self":[{"href":"https:\/\/www.ceipmestalla.com\/index.php\/wp-json\/wp\/v2\/pages\/93","targetHints":{"allow":["GET"]}}],"collection":[{"href":"https:\/\/www.ceipmestalla.com\/index.php\/wp-json\/wp\/v2\/pages"}],"about":[{"href":"https:\/\/www.ceipmestalla.com\/index.php\/wp-json\/wp\/v2\/types\/page"}],"author":[{"embeddable":true,"href":"https:\/\/www.ceipmestalla.com\/index.php\/wp-json\/wp\/v2\/users\/2"}],"replies":[{"embeddable":true,"href":"https:\/\/www.ceipmestalla.com\/index.php\/wp-json\/wp\/v2\/comments?post=93"}],"version-history":[{"count":15,"href":"https:\/\/www.ceipmestalla.com\/index.php\/wp-json\/wp\/v2\/pages\/93\/revisions"}],"predecessor-version":[{"id":1353,"href":"https:\/\/www.ceipmestalla.com\/index.php\/wp-json\/wp\/v2\/pages\/93\/revisions\/1353"}],"wp:attachment":[{"href":"https:\/\/www.ceipmestalla.com\/index.php\/wp-json\/wp\/v2\/media?parent=93"}],"curies":[{"name":"wp","href":"https:\/\/api.w.org\/{rel}","templated":true}]}}