{"id":97,"date":"2021-02-23T22:11:55","date_gmt":"2021-02-23T22:11:55","guid":{"rendered":"https:\/\/www.ceipmestalla.com\/?page_id=97"},"modified":"2026-02-11T14:07:01","modified_gmt":"2026-02-11T12:07:01","slug":"consejo-escolar","status":"publish","type":"page","link":"https:\/\/www.ceipmestalla.com\/index.php\/consejo-escolar\/","title":{"rendered":"Consejo escolar"},"content":{"rendered":"\n<h2 class=\"wp-block-heading has-medium-font-size\">reuni\u00f3n de <a href=\"https:\/\/www.ceipmestalla.com\/wp-content\/uploads\/2024\/03\/1-EXTRACTO-10-OCTUBRE.pdf\">CONSEJO ESCOLAR OCTUBRE 2023<\/a><\/h2>\n\n\n\n<h2 class=\"wp-block-heading has-medium-font-size\"><\/h2>\n\n\n\n<p>Acuerdos tomados curso 25\/26 primer trimestre<\/p>\n\n\n\n<div data-wp-interactive=\"core\/file\" class=\"wp-block-file\"><object data-wp-bind--hidden=\"!state.hasPdfPreview\" hidden class=\"wp-block-file__embed\" data=\"https:\/\/www.ceipmestalla.com\/wp-content\/uploads\/2026\/02\/Acuerdos-tomados-en-los-consejos-escolares-curso-25-26-primer-trimestre-1.pdf\" type=\"application\/pdf\" style=\"width:100%;height:600px\" aria-label=\"Incrustado de Acuerdos tomados en los consejos escolares curso 25-26 primer trimestre.\"><\/object><a id=\"wp-block-file--media-c3dce0ca-3d0a-4c2d-86ed-6229d7f3da2f\" href=\"https:\/\/www.ceipmestalla.com\/wp-content\/uploads\/2026\/02\/Acuerdos-tomados-en-los-consejos-escolares-curso-25-26-primer-trimestre-1.pdf\">Acuerdos tomados en los consejos escolares curso 25-26 primer trimestre<\/a><a href=\"https:\/\/www.ceipmestalla.com\/wp-content\/uploads\/2026\/02\/Acuerdos-tomados-en-los-consejos-escolares-curso-25-26-primer-trimestre-1.pdf\" class=\"wp-block-file__button wp-element-button\" download aria-describedby=\"wp-block-file--media-c3dce0ca-3d0a-4c2d-86ed-6229d7f3da2f\">Descarga<\/a><\/div>\n\n\n\n<p class=\"has-medium-font-size\"><strong>reuni\u00f3n de <a href=\"https:\/\/www.ceipmestalla.com\/wp-content\/uploads\/2024\/03\/2-EXTRACTO-11-diciembre.pdf\">CONSEJO ESCOLAR DICIEMBRE 2023<\/a><\/strong><\/p>\n\n\n\n<p class=\"has-medium-font-size\"><strong>reuni\u00f3n de <a href=\"https:\/\/www.ceipmestalla.com\/wp-content\/uploads\/2024\/03\/3-EXTRACTO-29-enero.pdf\">CONSEJO ESCOLAR ENERO 2024<\/a><\/strong><\/p>\n\n\n\n<p class=\"has-medium-font-size\"><strong>reuni\u00f3n de<\/strong> <a href=\"https:\/\/www.ceipmestalla.com\/wp-content\/uploads\/2024\/09\/ACTA-3-CE-29-04-24.pdf\">CONSEJO ESCOLAR ABRIL 2024<\/a><\/p>\n\n\n\n<p class=\"has-medium-font-size\"><strong>reuni\u00f3n de<\/strong> <a href=\"https:\/\/www.ceipmestalla.com\/wp-content\/uploads\/2024\/09\/ACTA-4-CE-12-05-24.pdf\">CONSEJO ESCOLAR MAYO 2024<\/a><\/p>\n\n\n\n<p class=\"has-medium-font-size\">reuni\u00f3n de <a href=\"https:\/\/www.ceipmestalla.com\/wp-content\/uploads\/2024\/11\/ACTA-5-CE-24-07-24.pdf\">CONSEJO ESCOLAR JULIO 2024<\/a><\/p>\n\n\n\n<p class=\"has-medium-font-size\">reuni\u00f3n de <a href=\"https:\/\/www.ceipmestalla.com\/wp-content\/uploads\/2024\/11\/ACTA-8-Consejo-Escolar-30-09-24.pdf\">CONSEJO ESCOLAR SEPTIEMBRE 2024<\/a><\/p>\n\n\n\n<p>Acuerdos tomados en las reuniones de Consejo Escolar curso 2024\/2025<\/p>\n\n\n\n<div class=\"wp-block-file\"><a id=\"wp-block-file--media-cbfe3dba-1c2b-4b19-88f1-2dd241b8529f\" href=\"https:\/\/www.ceipmestalla.com\/wp-content\/uploads\/2025\/10\/Acuerdos-tomados-en-los-consejos-escolares-curso-24-25-correcto.odt\">Acuerdos tomados en los consejos escolares curso 24-25 <\/a><a href=\"https:\/\/www.ceipmestalla.com\/wp-content\/uploads\/2025\/10\/Acuerdos-tomados-en-los-consejos-escolares-curso-24-25-correcto.odt\" class=\"wp-block-file__button wp-element-button\" download aria-describedby=\"wp-block-file--media-cbfe3dba-1c2b-4b19-88f1-2dd241b8529f\">Descarga<\/a><\/div>\n","protected":false},"excerpt":{"rendered":"<p>reuni\u00f3n de CONSEJO ESCOLAR OCTUBRE 2023 Acuerdos tomados curso 25\/26 primer trimestre reuni\u00f3n de CONSEJO ESCOLAR DICIEMBRE 2023 reuni\u00f3n de CONSEJO ESCOLAR ENERO 2024 reuni\u00f3n de CONSEJO ESCOLAR ABRIL 2024 reuni\u00f3n de CONSEJO ESCOLAR MAYO 2024 reuni\u00f3n de CONSEJO ESCOLAR JULIO 2024 reuni\u00f3n de CONSEJO ESCOLAR SEPTIEMBRE 2024 Acuerdos tomados en las reuniones de Consejo [&hellip;]<\/p>\n","protected":false},"author":2,"featured_media":0,"parent":0,"menu_order":0,"comment_status":"closed","ping_status":"closed","template":"","meta":{"footnotes":""},"class_list":["post-97","page","type-page","status-publish","czr-hentry"],"yoast_head":"<!-- This site is optimized with the Yoast SEO plugin v25.7 - https:\/\/yoast.com\/wordpress\/plugins\/seo\/ -->\n<title>Consejo escolar - Ceip Mestalla<\/title>\n<meta name=\"robots\" content=\"index, follow, max-snippet:-1, max-image-preview:large, max-video-preview:-1\" \/>\n<link rel=\"canonical\" href=\"https:\/\/www.ceipmestalla.com\/index.php\/consejo-escolar\/\" \/>\n<meta property=\"og:locale\" content=\"es_ES\" \/>\n<meta property=\"og:type\" content=\"article\" \/>\n<meta property=\"og:title\" content=\"Consejo escolar - Ceip Mestalla\" \/>\n<meta property=\"og:description\" content=\"reuni\u00f3n de CONSEJO ESCOLAR OCTUBRE 2023 Acuerdos tomados curso 25\/26 primer trimestre reuni\u00f3n de CONSEJO ESCOLAR DICIEMBRE 2023 reuni\u00f3n de CONSEJO ESCOLAR ENERO 2024 reuni\u00f3n de CONSEJO ESCOLAR ABRIL 2024 reuni\u00f3n de CONSEJO ESCOLAR MAYO 2024 reuni\u00f3n de CONSEJO ESCOLAR JULIO 2024 reuni\u00f3n de CONSEJO ESCOLAR SEPTIEMBRE 2024 Acuerdos tomados en las reuniones de Consejo [&hellip;]\" \/>\n<meta property=\"og:url\" content=\"https:\/\/www.ceipmestalla.com\/index.php\/consejo-escolar\/\" \/>\n<meta property=\"og:site_name\" content=\"Ceip Mestalla\" \/>\n<meta property=\"article:modified_time\" content=\"2026-02-11T12:07:01+00:00\" \/>\n<meta name=\"twitter:card\" content=\"summary_large_image\" \/>\n<meta name=\"twitter:site\" content=\"@emestalla\" \/>\n<meta name=\"twitter:label1\" content=\"Tiempo de lectura\" \/>\n\t<meta name=\"twitter:data1\" content=\"1 minuto\" \/>\n<script type=\"application\/ld+json\" class=\"yoast-schema-graph\">{\"@context\":\"https:\/\/schema.org\",\"@graph\":[{\"@type\":\"WebPage\",\"@id\":\"https:\/\/www.ceipmestalla.com\/index.php\/consejo-escolar\/\",\"url\":\"https:\/\/www.ceipmestalla.com\/index.php\/consejo-escolar\/\",\"name\":\"Consejo escolar - Ceip Mestalla\",\"isPartOf\":{\"@id\":\"https:\/\/www.ceipmestalla.com\/#website\"},\"datePublished\":\"2021-02-23T22:11:55+00:00\",\"dateModified\":\"2026-02-11T12:07:01+00:00\",\"breadcrumb\":{\"@id\":\"https:\/\/www.ceipmestalla.com\/index.php\/consejo-escolar\/#breadcrumb\"},\"inLanguage\":\"es\",\"potentialAction\":[{\"@type\":\"ReadAction\",\"target\":[\"https:\/\/www.ceipmestalla.com\/index.php\/consejo-escolar\/\"]}]},{\"@type\":\"BreadcrumbList\",\"@id\":\"https:\/\/www.ceipmestalla.com\/index.php\/consejo-escolar\/#breadcrumb\",\"itemListElement\":[{\"@type\":\"ListItem\",\"position\":1,\"name\":\"Portada\",\"item\":\"https:\/\/www.ceipmestalla.com\/\"},{\"@type\":\"ListItem\",\"position\":2,\"name\":\"Consejo escolar\"}]},{\"@type\":\"WebSite\",\"@id\":\"https:\/\/www.ceipmestalla.com\/#website\",\"url\":\"https:\/\/www.ceipmestalla.com\/\",\"name\":\"Ceip Mestalla\",\"description\":\"\",\"publisher\":{\"@id\":\"https:\/\/www.ceipmestalla.com\/#organization\"},\"potentialAction\":[{\"@type\":\"SearchAction\",\"target\":{\"@type\":\"EntryPoint\",\"urlTemplate\":\"https:\/\/www.ceipmestalla.com\/?s={search_term_string}\"},\"query-input\":{\"@type\":\"PropertyValueSpecification\",\"valueRequired\":true,\"valueName\":\"search_term_string\"}}],\"inLanguage\":\"es\"},{\"@type\":\"Organization\",\"@id\":\"https:\/\/www.ceipmestalla.com\/#organization\",\"name\":\"Ceip Mestalla\",\"url\":\"https:\/\/www.ceipmestalla.com\/\",\"logo\":{\"@type\":\"ImageObject\",\"inLanguage\":\"es\",\"@id\":\"https:\/\/www.ceipmestalla.com\/#\/schema\/logo\/image\/\",\"url\":\"https:\/\/www.ceipmestalla.com\/wp-content\/uploads\/2021\/02\/cropped-cropped-cropped-cropped-LOGO_Mestalla-1-e1614470494422.png\",\"contentUrl\":\"https:\/\/www.ceipmestalla.com\/wp-content\/uploads\/2021\/02\/cropped-cropped-cropped-cropped-LOGO_Mestalla-1-e1614470494422.png\",\"width\":500,\"height\":191,\"caption\":\"Ceip Mestalla\"},\"image\":{\"@id\":\"https:\/\/www.ceipmestalla.com\/#\/schema\/logo\/image\/\"},\"sameAs\":[\"https:\/\/x.com\/emestalla\",\"https:\/\/www.instagram.com\/colegiomestalla\"]}]}<\/script>\n<!-- \/ Yoast SEO plugin. -->","yoast_head_json":{"title":"Consejo escolar - Ceip Mestalla","robots":{"index":"index","follow":"follow","max-snippet":"max-snippet:-1","max-image-preview":"max-image-preview:large","max-video-preview":"max-video-preview:-1"},"canonical":"https:\/\/www.ceipmestalla.com\/index.php\/consejo-escolar\/","og_locale":"es_ES","og_type":"article","og_title":"Consejo escolar - Ceip Mestalla","og_description":"reuni\u00f3n de CONSEJO ESCOLAR OCTUBRE 2023 Acuerdos tomados curso 25\/26 primer trimestre reuni\u00f3n de CONSEJO ESCOLAR DICIEMBRE 2023 reuni\u00f3n de CONSEJO ESCOLAR ENERO 2024 reuni\u00f3n de CONSEJO ESCOLAR ABRIL 2024 reuni\u00f3n de CONSEJO ESCOLAR MAYO 2024 reuni\u00f3n de CONSEJO ESCOLAR JULIO 2024 reuni\u00f3n de CONSEJO ESCOLAR SEPTIEMBRE 2024 Acuerdos tomados en las reuniones de Consejo [&hellip;]","og_url":"https:\/\/www.ceipmestalla.com\/index.php\/consejo-escolar\/","og_site_name":"Ceip Mestalla","article_modified_time":"2026-02-11T12:07:01+00:00","twitter_card":"summary_large_image","twitter_site":"@emestalla","twitter_misc":{"Tiempo de lectura":"1 minuto"},"schema":{"@context":"https:\/\/schema.org","@graph":[{"@type":"WebPage","@id":"https:\/\/www.ceipmestalla.com\/index.php\/consejo-escolar\/","url":"https:\/\/www.ceipmestalla.com\/index.php\/consejo-escolar\/","name":"Consejo escolar - Ceip Mestalla","isPartOf":{"@id":"https:\/\/www.ceipmestalla.com\/#website"},"datePublished":"2021-02-23T22:11:55+00:00","dateModified":"2026-02-11T12:07:01+00:00","breadcrumb":{"@id":"https:\/\/www.ceipmestalla.com\/index.php\/consejo-escolar\/#breadcrumb"},"inLanguage":"es","potentialAction":[{"@type":"ReadAction","target":["https:\/\/www.ceipmestalla.com\/index.php\/consejo-escolar\/"]}]},{"@type":"BreadcrumbList","@id":"https:\/\/www.ceipmestalla.com\/index.php\/consejo-escolar\/#breadcrumb","itemListElement":[{"@type":"ListItem","position":1,"name":"Portada","item":"https:\/\/www.ceipmestalla.com\/"},{"@type":"ListItem","position":2,"name":"Consejo escolar"}]},{"@type":"WebSite","@id":"https:\/\/www.ceipmestalla.com\/#website","url":"https:\/\/www.ceipmestalla.com\/","name":"Ceip Mestalla","description":"","publisher":{"@id":"https:\/\/www.ceipmestalla.com\/#organization"},"potentialAction":[{"@type":"SearchAction","target":{"@type":"EntryPoint","urlTemplate":"https:\/\/www.ceipmestalla.com\/?s={search_term_string}"},"query-input":{"@type":"PropertyValueSpecification","valueRequired":true,"valueName":"search_term_string"}}],"inLanguage":"es"},{"@type":"Organization","@id":"https:\/\/www.ceipmestalla.com\/#organization","name":"Ceip Mestalla","url":"https:\/\/www.ceipmestalla.com\/","logo":{"@type":"ImageObject","inLanguage":"es","@id":"https:\/\/www.ceipmestalla.com\/#\/schema\/logo\/image\/","url":"https:\/\/www.ceipmestalla.com\/wp-content\/uploads\/2021\/02\/cropped-cropped-cropped-cropped-LOGO_Mestalla-1-e1614470494422.png","contentUrl":"https:\/\/www.ceipmestalla.com\/wp-content\/uploads\/2021\/02\/cropped-cropped-cropped-cropped-LOGO_Mestalla-1-e1614470494422.png","width":500,"height":191,"caption":"Ceip Mestalla"},"image":{"@id":"https:\/\/www.ceipmestalla.com\/#\/schema\/logo\/image\/"},"sameAs":["https:\/\/x.com\/emestalla","https:\/\/www.instagram.com\/colegiomestalla"]}]}},"_links":{"self":[{"href":"https:\/\/www.ceipmestalla.com\/index.php\/wp-json\/wp\/v2\/pages\/97","targetHints":{"allow":["GET"]}}],"collection":[{"href":"https:\/\/www.ceipmestalla.com\/index.php\/wp-json\/wp\/v2\/pages"}],"about":[{"href":"https:\/\/www.ceipmestalla.com\/index.php\/wp-json\/wp\/v2\/types\/page"}],"author":[{"embeddable":true,"href":"https:\/\/www.ceipmestalla.com\/index.php\/wp-json\/wp\/v2\/users\/2"}],"replies":[{"embeddable":true,"href":"https:\/\/www.ceipmestalla.com\/index.php\/wp-json\/wp\/v2\/comments?post=97"}],"version-history":[{"count":52,"href":"https:\/\/www.ceipmestalla.com\/index.php\/wp-json\/wp\/v2\/pages\/97\/revisions"}],"predecessor-version":[{"id":3490,"href":"https:\/\/www.ceipmestalla.com\/index.php\/wp-json\/wp\/v2\/pages\/97\/revisions\/3490"}],"wp:attachment":[{"href":"https:\/\/www.ceipmestalla.com\/index.php\/wp-json\/wp\/v2\/media?parent=97"}],"curies":[{"name":"wp","href":"https:\/\/api.w.org\/{rel}","templated":true}]}}